{"id":15072,"date":"2024-12-16T05:49:09","date_gmt":"2024-12-16T04:49:09","guid":{"rendered":"https:\/\/www.agraritaeten-shop.com\/?post_type=product&#038;p=15072"},"modified":"2026-03-13T23:33:26","modified_gmt":"2026-03-13T22:33:26","slug":"buchmuehlen-prospekt-pfluege-69","status":"publish","type":"product","link":"https:\/\/www.agraritaeten-shop.com\/en\/shop\/sonstige\/buchmuehlen-prospekt-pfluege-69\/","title":{"rendered":"BUCHM\u00dcHLEN Prospekt Pfl\u00fcge &#8217;69"},"content":{"rendered":"<h1><span style=\"font-size: 100%;\"><strong>original brochure<\/strong><\/span><\/h1>\n<h1>Wilh. BUCHM\u00dcHLEN<br \/>\nPfl\u00fcge &#8217;69<\/h1>\n<ul>\n<li>A4 format<\/li>\n<li>1 sheet, single-sided printed (on thin paper)<\/li>\n<li>German<\/li>\n<li>punched<\/li>\n<li>used<\/li>\n<li>untere Kante besch\u00e4digt<\/li>\n<li>100% original<\/li>\n<li>Date Stamp: <em>05\/1970<\/em><\/li>\n<\/ul>","protected":false},"excerpt":{"rendered":"<p>original Prospekt Wilh. BUCHM\u00dcHLEN Pfl\u00fcge &#8217;69 A4 Format 1 Blatt, einseitig bedruckt (auf d\u00fcnnem Papier) Deutsch gelocht gebraucht untere Kante besch\u00e4digt 100% original Datums-Stempel: 05\/1970<\/p>","protected":false},"featured_media":15033,"template":"","meta":[],"product_brand":[],"product_cat":[123,45,132],"product_tag":[1971,369,186],"class_list":{"0":"post-15072","1":"product","2":"type-product","3":"status-publish","4":"has-post-thumbnail","6":"product_cat-sonstige","7":"product_cat-prospekte","8":"product_cat-sonstige-prospekte","9":"product_tag-buchmuehlen","10":"product_tag-pfluege","11":"product_tag-prospekt","13":"first","14":"instock","15":"shipping-taxable","16":"purchasable","17":"product-type-simple"},"_links":{"self":[{"href":"https:\/\/www.agraritaeten-shop.com\/en\/wp-json\/wp\/v2\/product\/15072","targetHints":{"allow":["GET"]}}],"collection":[{"href":"https:\/\/www.agraritaeten-shop.com\/en\/wp-json\/wp\/v2\/product"}],"about":[{"href":"https:\/\/www.agraritaeten-shop.com\/en\/wp-json\/wp\/v2\/types\/product"}],"wp:featuredmedia":[{"embeddable":true,"href":"https:\/\/www.agraritaeten-shop.com\/en\/wp-json\/wp\/v2\/media\/15033"}],"wp:attachment":[{"href":"https:\/\/www.agraritaeten-shop.com\/en\/wp-json\/wp\/v2\/media?parent=15072"}],"wp:term":[{"taxonomy":"product_brand","embeddable":true,"href":"https:\/\/www.agraritaeten-shop.com\/en\/wp-json\/wp\/v2\/product_brand?post=15072"},{"taxonomy":"product_cat","embeddable":true,"href":"https:\/\/www.agraritaeten-shop.com\/en\/wp-json\/wp\/v2\/product_cat?post=15072"},{"taxonomy":"product_tag","embeddable":true,"href":"https:\/\/www.agraritaeten-shop.com\/en\/wp-json\/wp\/v2\/product_tag?post=15072"}],"curies":[{"name":"wp","href":"https:\/\/api.w.org\/{rel}","templated":true}]}}