{"id":15090,"date":"2024-12-16T07:11:24","date_gmt":"2024-12-16T06:11:24","guid":{"rendered":"https:\/\/www.agraritaeten-shop.com\/?post_type=product&#038;p=15090"},"modified":"2024-12-16T07:19:11","modified_gmt":"2024-12-16T06:19:11","slug":"buratti-ennioc-prospekt-kompressoren-u-erntegeraete","status":"publish","type":"product","link":"https:\/\/www.agraritaeten-shop.com\/en\/shop\/sonstige\/buratti-ennioc-prospekt-kompressoren-u-erntegeraete\/","title":{"rendered":"BURATTI ENNIO&#038;C. Prospekt Kompressoren u. Ernteger\u00e4te"},"content":{"rendered":"<h1><span style=\"font-size: 100%;\"><strong>original brochure<\/strong><\/span><\/h1>\n<h1>BURATTI ENNIO&amp;C.<br \/>\nKompressoren u. Ernteger\u00e4te<br \/>\n<span style=\"font-size: 75%;\">Olivenernte, Ger\u00e4te zur Beschneidung<\/span><\/h1>\n<ul>\n<li>A4 format<\/li>\n<li>6 pages<\/li>\n<li>German, Italian, French<\/li>\n<li>not punched<\/li>\n<li>used<\/li>\n<li>very good condition<\/li>\n<li>100% original<\/li>\n<\/ul>","protected":false},"excerpt":{"rendered":"<p>original Prospekt BURATTI ENNIO&amp;C. Kompressoren u. Ernteger\u00e4te Olivenernte, Ger\u00e4te zur Beschneidung A4 Format 6 Seiten Deutsch, Italienisch, Franz\u00f6sisch nicht gelocht gebraucht sehr guter Zustand 100% original<\/p>","protected":false},"featured_media":15037,"template":"","meta":[],"product_brand":[],"product_cat":[123,45,132],"product_tag":[2206,2207,2197,1173,2196,186,2208],"class_list":{"0":"post-15090","1":"product","2":"type-product","3":"status-publish","4":"has-post-thumbnail","6":"product_cat-sonstige","7":"product_cat-prospekte","8":"product_cat-sonstige-prospekte","9":"product_tag-buratti","10":"product_tag-ennioc","11":"product_tag-hame","12":"product_tag-lader","13":"product_tag-meusburger","14":"product_tag-prospekt","15":"product_tag-prospekt-kompressoren-u-erntegeraete","17":"first","18":"instock","19":"shipping-taxable","20":"purchasable","21":"product-type-simple"},"_links":{"self":[{"href":"https:\/\/www.agraritaeten-shop.com\/en\/wp-json\/wp\/v2\/product\/15090","targetHints":{"allow":["GET"]}}],"collection":[{"href":"https:\/\/www.agraritaeten-shop.com\/en\/wp-json\/wp\/v2\/product"}],"about":[{"href":"https:\/\/www.agraritaeten-shop.com\/en\/wp-json\/wp\/v2\/types\/product"}],"wp:featuredmedia":[{"embeddable":true,"href":"https:\/\/www.agraritaeten-shop.com\/en\/wp-json\/wp\/v2\/media\/15037"}],"wp:attachment":[{"href":"https:\/\/www.agraritaeten-shop.com\/en\/wp-json\/wp\/v2\/media?parent=15090"}],"wp:term":[{"taxonomy":"product_brand","embeddable":true,"href":"https:\/\/www.agraritaeten-shop.com\/en\/wp-json\/wp\/v2\/product_brand?post=15090"},{"taxonomy":"product_cat","embeddable":true,"href":"https:\/\/www.agraritaeten-shop.com\/en\/wp-json\/wp\/v2\/product_cat?post=15090"},{"taxonomy":"product_tag","embeddable":true,"href":"https:\/\/www.agraritaeten-shop.com\/en\/wp-json\/wp\/v2\/product_tag?post=15090"}],"curies":[{"name":"wp","href":"https:\/\/api.w.org\/{rel}","templated":true}]}}