{"id":15290,"date":"2024-12-25T23:06:42","date_gmt":"2024-12-25T22:06:42","guid":{"rendered":"https:\/\/www.agraritaeten-shop.com\/?post_type=product&#038;p=15290"},"modified":"2025-05-26T10:41:21","modified_gmt":"2025-05-26T08:41:21","slug":"new-holland-prospekt-programmuebersicht-3","status":"publish","type":"product","link":"https:\/\/www.agraritaeten-shop.com\/en\/shop\/prospekte\/new-holland\/new-holland-prospekt-programmuebersicht-3\/","title":{"rendered":"NEW HOLLAND Prospekt Programm\u00fcbersicht"},"content":{"rendered":"<h1><strong>original brochure<br \/>\n<\/strong><\/h1>\n<h2>NEW HOLLAND Programm\u00fcbersicht<br \/>\nTraktoren, Gro\u00dftraktoren, M\u00e4hdrescher, Erntemaschinen und Services<\/h2>\n<ul>\n<li>A4 format<\/li>\n<li>8 pages<\/li>\n<li>German<\/li>\n<li>not punched<\/li>\n<li>used<\/li>\n<li>very good condition<\/li>\n<li>100% original<\/li>\n<\/ul>","protected":false},"excerpt":{"rendered":"<p>original Prospekt NEW HOLLAND Programm\u00fcbersicht Traktoren, Gro\u00dftraktoren, M\u00e4hdrescher, Erntemaschinen und Services A4 Format 8 Seiten Deutsch nicht gelocht gebraucht sehr guter Zustand 100% original<\/p>","protected":false},"featured_media":15241,"template":"","meta":[],"product_brand":[],"product_cat":[71,131,45],"product_tag":[313,2256,189,238,303,186,2257,249],"class_list":{"0":"post-15290","1":"product","2":"type-product","3":"status-publish","4":"has-post-thumbnail","6":"product_cat-new_holland","7":"product_cat-new-holland","8":"product_cat-prospekte","9":"product_tag-erntemaschinen","10":"product_tag-grosstraktoren","11":"product_tag-maehdrescher","12":"product_tag-new-holland","13":"product_tag-programm","14":"product_tag-prospekt","15":"product_tag-services","16":"product_tag-traktoren","18":"first","19":"instock","20":"shipping-taxable","21":"purchasable","22":"product-type-simple"},"_links":{"self":[{"href":"https:\/\/www.agraritaeten-shop.com\/en\/wp-json\/wp\/v2\/product\/15290","targetHints":{"allow":["GET"]}}],"collection":[{"href":"https:\/\/www.agraritaeten-shop.com\/en\/wp-json\/wp\/v2\/product"}],"about":[{"href":"https:\/\/www.agraritaeten-shop.com\/en\/wp-json\/wp\/v2\/types\/product"}],"wp:featuredmedia":[{"embeddable":true,"href":"https:\/\/www.agraritaeten-shop.com\/en\/wp-json\/wp\/v2\/media\/15241"}],"wp:attachment":[{"href":"https:\/\/www.agraritaeten-shop.com\/en\/wp-json\/wp\/v2\/media?parent=15290"}],"wp:term":[{"taxonomy":"product_brand","embeddable":true,"href":"https:\/\/www.agraritaeten-shop.com\/en\/wp-json\/wp\/v2\/product_brand?post=15290"},{"taxonomy":"product_cat","embeddable":true,"href":"https:\/\/www.agraritaeten-shop.com\/en\/wp-json\/wp\/v2\/product_cat?post=15290"},{"taxonomy":"product_tag","embeddable":true,"href":"https:\/\/www.agraritaeten-shop.com\/en\/wp-json\/wp\/v2\/product_tag?post=15290"}],"curies":[{"name":"wp","href":"https:\/\/api.w.org\/{rel}","templated":true}]}}