{"id":15299,"date":"2025-03-28T01:03:21","date_gmt":"2025-03-28T00:03:21","guid":{"rendered":"https:\/\/www.agraritaeten-shop.com\/?post_type=product&#038;p=15299"},"modified":"2025-10-08T13:36:39","modified_gmt":"2025-10-08T11:36:39","slug":"mengele-prospekt-allfix","status":"publish","type":"product","link":"https:\/\/www.agraritaeten-shop.com\/en\/shop\/prospekte\/prospekte_mengele\/mengele-prospekt-allfix\/","title":{"rendered":"MENGELE Prospekt allfix"},"content":{"rendered":"<h1><strong>original brochure<\/strong><\/h1>\n<h2>MENGELE allfix<br \/>\nLadeger\u00e4t, Feldschneider, F\u00f6rdergebl\u00e4se<\/h2>\n<ul>\n<li>A4 landscape format<\/li>\n<li>12 pages<\/li>\n<li>German<\/li>\n<li>punched<\/li>\n<li>folded in the middle<\/li>\n<li>used<\/li>\n<li>barely worn and slightly soiled<\/li>\n<li>100% original<\/li>\n<li>DruckNr. FLP 4\/20\/561\/MA<\/li>\n<\/ul>","protected":false},"excerpt":{"rendered":"<p>original Prospekt MENGELE allfix Ladeger\u00e4t, Feldschneider, F\u00f6rdergebl\u00e4se A4 Querformat 12 Seiten Deutsch gelocht in der Mitte geknickt gebraucht minimal abgegriffen und etwas verschmutzt 100% original DruckNr. FLP 4\/20\/561\/MA<\/p>","protected":false},"featured_media":15305,"template":"","meta":[],"product_brand":[],"product_cat":[127,157,45],"product_tag":[2265,813,1080,2264,1582,186],"class_list":{"0":"post-15299","1":"product","2":"type-product","3":"status-publish","4":"has-post-thumbnail","6":"product_cat-mengele","7":"product_cat-prospekte_mengele","8":"product_cat-prospekte","9":"product_tag-allfix","10":"product_tag-feldschneider","11":"product_tag-foerdergeblaese","12":"product_tag-ladegeraet","13":"product_tag-mengele","14":"product_tag-prospekt","16":"first","17":"outofstock","18":"shipping-taxable","19":"purchasable","20":"product-type-simple"},"_links":{"self":[{"href":"https:\/\/www.agraritaeten-shop.com\/en\/wp-json\/wp\/v2\/product\/15299","targetHints":{"allow":["GET"]}}],"collection":[{"href":"https:\/\/www.agraritaeten-shop.com\/en\/wp-json\/wp\/v2\/product"}],"about":[{"href":"https:\/\/www.agraritaeten-shop.com\/en\/wp-json\/wp\/v2\/types\/product"}],"wp:featuredmedia":[{"embeddable":true,"href":"https:\/\/www.agraritaeten-shop.com\/en\/wp-json\/wp\/v2\/media\/15305"}],"wp:attachment":[{"href":"https:\/\/www.agraritaeten-shop.com\/en\/wp-json\/wp\/v2\/media?parent=15299"}],"wp:term":[{"taxonomy":"product_brand","embeddable":true,"href":"https:\/\/www.agraritaeten-shop.com\/en\/wp-json\/wp\/v2\/product_brand?post=15299"},{"taxonomy":"product_cat","embeddable":true,"href":"https:\/\/www.agraritaeten-shop.com\/en\/wp-json\/wp\/v2\/product_cat?post=15299"},{"taxonomy":"product_tag","embeddable":true,"href":"https:\/\/www.agraritaeten-shop.com\/en\/wp-json\/wp\/v2\/product_tag?post=15299"}],"curies":[{"name":"wp","href":"https:\/\/api.w.org\/{rel}","templated":true}]}}