{"id":15506,"date":"2025-01-12T20:39:51","date_gmt":"2025-01-12T19:39:51","guid":{"rendered":"https:\/\/www.agraritaeten-shop.com\/?post_type=product&#038;p=15506"},"modified":"2025-06-05T22:22:51","modified_gmt":"2025-06-05T20:22:51","slug":"bur-co-prospekt-maeh-sitzwagen-fuer-motormaeher-aebi-bucher-rapid","status":"publish","type":"product","link":"https:\/\/www.agraritaeten-shop.com\/en\/shop\/prospekte\/sonstige-prospekte\/bur-co-prospekt-maeh-sitzwagen-fuer-motormaeher-aebi-bucher-rapid\/","title":{"rendered":"BUR &#038; Co Prospekt M\u00e4h-Sitzwagen f\u00fcr Motorm\u00e4her Aebi\/Bucher\/Rapid"},"content":{"rendered":"<h1><strong>original brochure<br \/>\n<\/strong><\/h1>\n<h2>BUR &amp; Co Kommunal- u. Landmaschinen<br \/>\nM\u00e4h-Sitzwagen f\u00fcr Motorm\u00e4her<br \/>\n<span style=\"font-size: 75%;\">Aebi, Bucher, Rapid<\/span><\/h2>\n<ul>\n<li>A4 landscape format<\/li>\n<li>1 sheet, printed on both sides<\/li>\n<li>German<\/li>\n<li>not punched<\/li>\n<li>used<\/li>\n<li>folded in the middle<\/li>\n<li>barely to slightly worn<\/li>\n<li>100% original<\/li>\n<\/ul>","protected":false},"excerpt":{"rendered":"<p>original Prospekt BUR &amp; Co Kommunal- u. Landmaschinen M\u00e4h-Sitzwagen f\u00fcr Motorm\u00e4her Aebi, Bucher, Rapid A4 Querformat 1 Blatt, beidseitig bedruckt Deutsch nicht gelocht gebraucht in der Mitte geknickt minimal bis kaum abgegriffen 100% original<\/p>","protected":false},"featured_media":15312,"template":"","meta":[],"product_brand":[],"product_cat":[45,132,123],"product_tag":[1288,571,1987,1988,2286,262,366,186,1349],"class_list":{"0":"post-15506","1":"product","2":"type-product","3":"status-publish","4":"has-post-thumbnail","6":"product_cat-prospekte","7":"product_cat-sonstige-prospekte","8":"product_cat-sonstige","9":"product_tag-aebi","10":"product_tag-bucher","11":"product_tag-bur","12":"product_tag-bur-co","13":"product_tag-maeh-sitzwagen","14":"product_tag-maeher","15":"product_tag-motormaeher","16":"product_tag-prospekt","17":"product_tag-rapid","19":"first","20":"instock","21":"shipping-taxable","22":"purchasable","23":"product-type-simple"},"_links":{"self":[{"href":"https:\/\/www.agraritaeten-shop.com\/en\/wp-json\/wp\/v2\/product\/15506","targetHints":{"allow":["GET"]}}],"collection":[{"href":"https:\/\/www.agraritaeten-shop.com\/en\/wp-json\/wp\/v2\/product"}],"about":[{"href":"https:\/\/www.agraritaeten-shop.com\/en\/wp-json\/wp\/v2\/types\/product"}],"wp:featuredmedia":[{"embeddable":true,"href":"https:\/\/www.agraritaeten-shop.com\/en\/wp-json\/wp\/v2\/media\/15312"}],"wp:attachment":[{"href":"https:\/\/www.agraritaeten-shop.com\/en\/wp-json\/wp\/v2\/media?parent=15506"}],"wp:term":[{"taxonomy":"product_brand","embeddable":true,"href":"https:\/\/www.agraritaeten-shop.com\/en\/wp-json\/wp\/v2\/product_brand?post=15506"},{"taxonomy":"product_cat","embeddable":true,"href":"https:\/\/www.agraritaeten-shop.com\/en\/wp-json\/wp\/v2\/product_cat?post=15506"},{"taxonomy":"product_tag","embeddable":true,"href":"https:\/\/www.agraritaeten-shop.com\/en\/wp-json\/wp\/v2\/product_tag?post=15506"}],"curies":[{"name":"wp","href":"https:\/\/api.w.org\/{rel}","templated":true}]}}