{"id":15637,"date":"2025-02-08T22:42:35","date_gmt":"2025-02-08T21:42:35","guid":{"rendered":"https:\/\/www.agraritaeten-shop.com\/?post_type=product&#038;p=15637"},"modified":"2026-03-12T19:47:31","modified_gmt":"2026-03-12T18:47:31","slug":"agria-prospekt-allzweck-hacke","status":"publish","type":"product","link":"https:\/\/www.agraritaeten-shop.com\/en\/shop\/prospekte\/sonstige-prospekte\/agria-prospekt-allzweck-hacke\/","title":{"rendered":"AGRIA Prospekt Allzweck-Hacke"},"content":{"rendered":"<h1><strong>original brochure<br \/>\n<\/strong><\/h1>\n<h2>AGRIA Allzweck-Hacke<\/h2>\n<ul>\n<li>10,5 cm x 21cm<\/li>\n<li>fold-out along the length to 4 times its original size<\/li>\n<li>German<\/li>\n<li>punched<\/li>\n<li>used<\/li>\n<li>creased corners, otherwise in good condition<\/li>\n<li>100% original<\/li>\n<li>Print No.: <em>A II &#8211; 1\/61<\/em><\/li>\n<\/ul>","protected":false},"excerpt":{"rendered":"<p>original Prospekt AGRIA Allzweck-Hacke 10,5 cm x 21cm der L\u00e4nge nach ausklappbar zur 4fachen Gr\u00f6\u00dfe Deutsch gelocht gebraucht Knicke an den Ecken, ansonsten guter Zustand 100% original DruckNr. A II &#8211; 1\/61<\/p>","protected":false},"featured_media":15346,"template":"","meta":[],"product_brand":[],"product_cat":[45,123,132],"product_tag":[541,481,186],"class_list":{"0":"post-15637","1":"product","2":"type-product","3":"status-publish","4":"has-post-thumbnail","6":"product_cat-prospekte","7":"product_cat-sonstige","8":"product_cat-sonstige-prospekte","9":"product_tag-agria","10":"product_tag-einachser","11":"product_tag-prospekt","13":"first","14":"instock","15":"shipping-taxable","16":"purchasable","17":"product-type-simple"},"_links":{"self":[{"href":"https:\/\/www.agraritaeten-shop.com\/en\/wp-json\/wp\/v2\/product\/15637","targetHints":{"allow":["GET"]}}],"collection":[{"href":"https:\/\/www.agraritaeten-shop.com\/en\/wp-json\/wp\/v2\/product"}],"about":[{"href":"https:\/\/www.agraritaeten-shop.com\/en\/wp-json\/wp\/v2\/types\/product"}],"wp:featuredmedia":[{"embeddable":true,"href":"https:\/\/www.agraritaeten-shop.com\/en\/wp-json\/wp\/v2\/media\/15346"}],"wp:attachment":[{"href":"https:\/\/www.agraritaeten-shop.com\/en\/wp-json\/wp\/v2\/media?parent=15637"}],"wp:term":[{"taxonomy":"product_brand","embeddable":true,"href":"https:\/\/www.agraritaeten-shop.com\/en\/wp-json\/wp\/v2\/product_brand?post=15637"},{"taxonomy":"product_cat","embeddable":true,"href":"https:\/\/www.agraritaeten-shop.com\/en\/wp-json\/wp\/v2\/product_cat?post=15637"},{"taxonomy":"product_tag","embeddable":true,"href":"https:\/\/www.agraritaeten-shop.com\/en\/wp-json\/wp\/v2\/product_tag?post=15637"}],"curies":[{"name":"wp","href":"https:\/\/api.w.org\/{rel}","templated":true}]}}