{"id":15638,"date":"2025-03-04T22:49:30","date_gmt":"2025-03-04T21:49:30","guid":{"rendered":"https:\/\/www.agraritaeten-shop.com\/?post_type=product&#038;p=15638"},"modified":"2026-03-02T17:33:37","modified_gmt":"2026-03-02T16:33:37","slug":"agria-prospekt-allzweck-hacke-2","status":"publish","type":"product","link":"https:\/\/www.agraritaeten-shop.com\/en\/shop\/prospekte\/sonstige-prospekte\/agria-prospekt-allzweck-hacke-2\/","title":{"rendered":"AGRIA Prospekt Allzweck-Hacke"},"content":{"rendered":"<h1><strong>original brochure<br \/>\n<\/strong><\/h1>\n<h2>AGRIA Allzweck-Hacke<\/h2>\n<ul>\n<li>10,5 cm x 21cm<\/li>\n<li>fold-out along the length to 4 times its original size<\/li>\n<li>German<\/li>\n<li>not punched<\/li>\n<li>used<\/li>\n<li>slightly worn and creased, but fully intact<\/li>\n<li>100% original<\/li>\n<li>Print No.: <em>A 1\/58<\/em><\/li>\n<\/ul>","protected":false},"excerpt":{"rendered":"<p>original Prospekt AGRIA Allzweck-Hacke 10,5 cm x 21cm der L\u00e4nge nach ausklappbar zur 4fachen Gr\u00f6\u00dfe Deutsch nicht gelocht gebraucht etwas abgegriffen und zerknittert, aber vollst\u00e4ndig erhalten 100% original DruckNr. A 1\/58<\/p>","protected":false},"featured_media":15347,"template":"","meta":[],"product_brand":[],"product_cat":[45,132,123],"product_tag":[541,481,1479,186],"class_list":{"0":"post-15638","1":"product","2":"type-product","3":"status-publish","4":"has-post-thumbnail","6":"product_cat-prospekte","7":"product_cat-sonstige-prospekte","8":"product_cat-sonstige","9":"product_tag-agria","10":"product_tag-einachser","11":"product_tag-hacke","12":"product_tag-prospekt","14":"first","15":"instock","16":"shipping-taxable","17":"purchasable","18":"product-type-simple"},"_links":{"self":[{"href":"https:\/\/www.agraritaeten-shop.com\/en\/wp-json\/wp\/v2\/product\/15638","targetHints":{"allow":["GET"]}}],"collection":[{"href":"https:\/\/www.agraritaeten-shop.com\/en\/wp-json\/wp\/v2\/product"}],"about":[{"href":"https:\/\/www.agraritaeten-shop.com\/en\/wp-json\/wp\/v2\/types\/product"}],"wp:featuredmedia":[{"embeddable":true,"href":"https:\/\/www.agraritaeten-shop.com\/en\/wp-json\/wp\/v2\/media\/15347"}],"wp:attachment":[{"href":"https:\/\/www.agraritaeten-shop.com\/en\/wp-json\/wp\/v2\/media?parent=15638"}],"wp:term":[{"taxonomy":"product_brand","embeddable":true,"href":"https:\/\/www.agraritaeten-shop.com\/en\/wp-json\/wp\/v2\/product_brand?post=15638"},{"taxonomy":"product_cat","embeddable":true,"href":"https:\/\/www.agraritaeten-shop.com\/en\/wp-json\/wp\/v2\/product_cat?post=15638"},{"taxonomy":"product_tag","embeddable":true,"href":"https:\/\/www.agraritaeten-shop.com\/en\/wp-json\/wp\/v2\/product_tag?post=15638"}],"curies":[{"name":"wp","href":"https:\/\/api.w.org\/{rel}","templated":true}]}}