{"id":15643,"date":"2025-02-08T23:30:55","date_gmt":"2025-02-08T22:30:55","guid":{"rendered":"https:\/\/www.agraritaeten-shop.com\/?post_type=product&#038;p=15643"},"modified":"2026-04-16T08:31:44","modified_gmt":"2026-04-16T06:31:44","slug":"new-holland-prospekt-programmuebersicht-4","status":"publish","type":"product","link":"https:\/\/www.agraritaeten-shop.com\/en\/shop\/prospekte\/new-holland\/new-holland-prospekt-programmuebersicht-4\/","title":{"rendered":"NEW HOLLAND Prospekt Programm\u00fcbersicht"},"content":{"rendered":"<h1><strong>original brochure<br \/>\n<\/strong><\/h1>\n<h2>NEW HOLLAND Programm\u00fcbersicht<br \/>\nTraktoren, Gro\u00dftraktoren, M\u00e4hdrescher, Feldh\u00e4cksler, Ballenpressen, Teleskoplader<\/h2>\n<ul>\n<li><em>approx.<\/em> 13,5cm x 30cm<\/li>\n<li><em>22<\/em> pages<\/li>\n<li>German<\/li>\n<li>not punched<\/li>\n<li>used<\/li>\n<li>very good condition<\/li>\n<li>100% original<\/li>\n<li>Print No.: <em>78006\/DOO<\/em><\/li>\n<\/ul>","protected":false},"excerpt":{"rendered":"<p>original Prospekt NEW HOLLAND Programm\u00fcbersicht Traktoren, Gro\u00dftraktoren, M\u00e4hdrescher, Feldh\u00e4cksler, Ballenpressen, Teleskoplader ca. 13,5cm x 30cm 22 Seiten Deutsch nicht gelocht gebraucht sehr guter Zustand 100% original DruckNr. 78006\/DOO<\/p>","protected":false},"featured_media":15352,"template":"","meta":[],"product_brand":[],"product_cat":[71,131,45],"product_tag":[414,313,445,2256,189,238,303,186,2257,427,249],"class_list":{"0":"post-15643","1":"product","2":"type-product","3":"status-publish","4":"has-post-thumbnail","6":"product_cat-new_holland","7":"product_cat-new-holland","8":"product_cat-prospekte","9":"product_tag-ballenpressen","10":"product_tag-erntemaschinen","11":"product_tag-feldhaecksler","12":"product_tag-grosstraktoren","13":"product_tag-maehdrescher","14":"product_tag-new-holland","15":"product_tag-programm","16":"product_tag-prospekt","17":"product_tag-services","18":"product_tag-teleskoplader","19":"product_tag-traktoren","21":"first","22":"outofstock","23":"shipping-taxable","24":"purchasable","25":"product-type-simple"},"_links":{"self":[{"href":"https:\/\/www.agraritaeten-shop.com\/en\/wp-json\/wp\/v2\/product\/15643","targetHints":{"allow":["GET"]}}],"collection":[{"href":"https:\/\/www.agraritaeten-shop.com\/en\/wp-json\/wp\/v2\/product"}],"about":[{"href":"https:\/\/www.agraritaeten-shop.com\/en\/wp-json\/wp\/v2\/types\/product"}],"wp:featuredmedia":[{"embeddable":true,"href":"https:\/\/www.agraritaeten-shop.com\/en\/wp-json\/wp\/v2\/media\/15352"}],"wp:attachment":[{"href":"https:\/\/www.agraritaeten-shop.com\/en\/wp-json\/wp\/v2\/media?parent=15643"}],"wp:term":[{"taxonomy":"product_brand","embeddable":true,"href":"https:\/\/www.agraritaeten-shop.com\/en\/wp-json\/wp\/v2\/product_brand?post=15643"},{"taxonomy":"product_cat","embeddable":true,"href":"https:\/\/www.agraritaeten-shop.com\/en\/wp-json\/wp\/v2\/product_cat?post=15643"},{"taxonomy":"product_tag","embeddable":true,"href":"https:\/\/www.agraritaeten-shop.com\/en\/wp-json\/wp\/v2\/product_tag?post=15643"}],"curies":[{"name":"wp","href":"https:\/\/api.w.org\/{rel}","templated":true}]}}