{"id":15676,"date":"2025-03-09T23:21:39","date_gmt":"2025-03-09T22:21:39","guid":{"rendered":"https:\/\/www.agraritaeten-shop.com\/?post_type=product&#038;p=15676"},"modified":"2025-02-24T22:17:56","modified_gmt":"2025-02-24T21:17:56","slug":"buehler-firmenzeitung-diagramm-61-1975","status":"publish","type":"product","link":"https:\/\/www.agraritaeten-shop.com\/en\/shop\/magazine\/firmenzeitungen\/buehler-firmenzeitung-diagramm-61-1975\/","title":{"rendered":"B\u00dcHLER Firmenzeitung DIAGRAMM 61\/1975"},"content":{"rendered":"<h1><strong>original brochure<br \/>\n<\/strong><\/h1>\n<h2>Gebr\u00fcder B\u00dcHLER AG<br \/>\nFirmenzeitung &#8222;B\u00fchler diagramm&#8220;<br \/>\n<span style=\"font-size: 75%;\">Ausgabe 61, Dezember1975<\/span><\/h2>\n<ul>\n<li>A4 format<\/li>\n<li>28 pages<\/li>\n<li>German<\/li>\n<li>not punched<\/li>\n<li>used<\/li>\n<li>very good condition<\/li>\n<li>100% original<\/li>\n<\/ul>","protected":false},"excerpt":{"rendered":"<p>original Prospekt Gebr\u00fcder B\u00dcHLER AG Firmenzeitung &#8222;B\u00fchler diagramm&#8220; Ausgabe 61, Dezember1975 A4 Format 28 Seiten Deutsch nicht gelocht gebraucht sehr guter Zustand 100% original<\/p>","protected":false},"featured_media":15670,"template":"","meta":[],"product_brand":[],"product_cat":[892,697,123],"product_tag":[2222,2287,1099,698,186],"class_list":{"0":"post-15676","1":"product","2":"type-product","3":"status-publish","4":"has-post-thumbnail","6":"product_cat-firmenzeitungen","7":"product_cat-magazine","8":"product_cat-sonstige","9":"product_tag-buehler","10":"product_tag-diagramm","11":"product_tag-firmenzeitung","12":"product_tag-magazin","13":"product_tag-prospekt","15":"first","16":"instock","17":"shipping-taxable","18":"purchasable","19":"product-type-simple"},"_links":{"self":[{"href":"https:\/\/www.agraritaeten-shop.com\/en\/wp-json\/wp\/v2\/product\/15676","targetHints":{"allow":["GET"]}}],"collection":[{"href":"https:\/\/www.agraritaeten-shop.com\/en\/wp-json\/wp\/v2\/product"}],"about":[{"href":"https:\/\/www.agraritaeten-shop.com\/en\/wp-json\/wp\/v2\/types\/product"}],"wp:featuredmedia":[{"embeddable":true,"href":"https:\/\/www.agraritaeten-shop.com\/en\/wp-json\/wp\/v2\/media\/15670"}],"wp:attachment":[{"href":"https:\/\/www.agraritaeten-shop.com\/en\/wp-json\/wp\/v2\/media?parent=15676"}],"wp:term":[{"taxonomy":"product_brand","embeddable":true,"href":"https:\/\/www.agraritaeten-shop.com\/en\/wp-json\/wp\/v2\/product_brand?post=15676"},{"taxonomy":"product_cat","embeddable":true,"href":"https:\/\/www.agraritaeten-shop.com\/en\/wp-json\/wp\/v2\/product_cat?post=15676"},{"taxonomy":"product_tag","embeddable":true,"href":"https:\/\/www.agraritaeten-shop.com\/en\/wp-json\/wp\/v2\/product_tag?post=15676"}],"curies":[{"name":"wp","href":"https:\/\/api.w.org\/{rel}","templated":true}]}}