{"id":15699,"date":"2025-03-17T14:20:09","date_gmt":"2025-03-17T13:20:09","guid":{"rendered":"https:\/\/www.agraritaeten-shop.com\/?post_type=product&#038;p=15699"},"modified":"2025-03-13T11:11:22","modified_gmt":"2025-03-13T10:11:22","slug":"lfe-prospekt-geraeteprogramm","status":"publish","type":"product","link":"https:\/\/www.agraritaeten-shop.com\/en\/shop\/prospekte\/prospekte-hanomag\/lfe-prospekt-geraeteprogramm\/","title":{"rendered":"LFE Prospekt Ger\u00e4teprogramm"},"content":{"rendered":"<h1><strong>original brochure<\/strong><\/h1>\n<h1>LFE Landmaschinenfabrik Essen<br \/>\nGer\u00e4teprogramm<br \/>\n<span style=\"font-size: 75%;\">Stalldungstreuer, Anbaupfl\u00fcge, Kulturger\u00e4te, Heuvielfachger\u00e4te, Kartoffelkrautschl\u00e4ger, Kartoffelvorratsroder<\/span><br \/>\n<span style=\"font-size: 75%;\">Seitenm\u00e4hwerke f\u00fcr Hanomag-Schlepper<\/span><\/h1>\n<ul>\n<li>10cm x 21cm<\/li>\n<li>10 pages, folds out lengthwise<\/li>\n<li>German<\/li>\n<li>punched<\/li>\n<li>used<\/li>\n<li>creased<\/li>\n<li>good condition<\/li>\n<li>100% original<\/li>\n<\/ul>","protected":false},"excerpt":{"rendered":"<p>original Prospekt LFE Landmaschinenfabrik Essen Ger\u00e4teprogramm Stalldungstreuer, Anbaupfl\u00fcge, Kulturger\u00e4te, Heuvielfachger\u00e4te, Kartoffelkrautschl\u00e4ger, Kartoffelvorratsroder Seitenm\u00e4hwerke f\u00fcr Hanomag-Schlepper 10cm x 21cm 10 Seiten, der L\u00e4nge nach ausklappbar Deutsch gelocht gebraucht geknickt guter Erhaltungszustand 100% original<\/p>","protected":false},"featured_media":15660,"template":"","meta":[],"product_brand":[],"product_cat":[524,143,45,123,132],"product_tag":[1006,2319,525,2321,2322,2323,2320,736,492,369,303,186,729,216,2324,431],"class_list":{"0":"post-15699","1":"product","2":"type-product","3":"status-publish","4":"has-post-thumbnail","6":"product_cat-prospekte-hanomag","7":"product_cat-hanomag","8":"product_cat-prospekte","9":"product_cat-sonstige","10":"product_cat-sonstige-prospekte","11":"product_tag-anbaupfluege","12":"product_tag-geraeteprogramm","13":"product_tag-hanomag","14":"product_tag-heuvielfachgeraete","15":"product_tag-kartoffelkrautschlaeger","16":"product_tag-kartoffelvorratsroder","17":"product_tag-kulturgeraete","18":"product_tag-lfe","19":"product_tag-maehwerk","20":"product_tag-pfluege","21":"product_tag-programm","22":"product_tag-prospekt","23":"product_tag-seitenmaehwerk","24":"product_tag-stalldungstreuer","25":"product_tag-vielfachgeraete","26":"product_tag-vorratsroder","28":"first","29":"instock","30":"shipping-taxable","31":"purchasable","32":"product-type-simple"},"_links":{"self":[{"href":"https:\/\/www.agraritaeten-shop.com\/en\/wp-json\/wp\/v2\/product\/15699","targetHints":{"allow":["GET"]}}],"collection":[{"href":"https:\/\/www.agraritaeten-shop.com\/en\/wp-json\/wp\/v2\/product"}],"about":[{"href":"https:\/\/www.agraritaeten-shop.com\/en\/wp-json\/wp\/v2\/types\/product"}],"wp:featuredmedia":[{"embeddable":true,"href":"https:\/\/www.agraritaeten-shop.com\/en\/wp-json\/wp\/v2\/media\/15660"}],"wp:attachment":[{"href":"https:\/\/www.agraritaeten-shop.com\/en\/wp-json\/wp\/v2\/media?parent=15699"}],"wp:term":[{"taxonomy":"product_brand","embeddable":true,"href":"https:\/\/www.agraritaeten-shop.com\/en\/wp-json\/wp\/v2\/product_brand?post=15699"},{"taxonomy":"product_cat","embeddable":true,"href":"https:\/\/www.agraritaeten-shop.com\/en\/wp-json\/wp\/v2\/product_cat?post=15699"},{"taxonomy":"product_tag","embeddable":true,"href":"https:\/\/www.agraritaeten-shop.com\/en\/wp-json\/wp\/v2\/product_tag?post=15699"}],"curies":[{"name":"wp","href":"https:\/\/api.w.org\/{rel}","templated":true}]}}