{"id":15871,"date":"2025-02-18T22:20:14","date_gmt":"2025-02-18T21:20:14","guid":{"rendered":"https:\/\/www.agraritaeten-shop.com\/?post_type=product&#038;p=15871"},"modified":"2026-03-12T19:01:40","modified_gmt":"2026-03-12T18:01:40","slug":"stubai-katalog-65-maschinen-werkzeuge-fuer-landwirtschaft-gartenbau","status":"publish","type":"product","link":"https:\/\/www.agraritaeten-shop.com\/en\/shop\/prospekte\/sonstige-prospekte\/stubai-katalog-65-maschinen-werkzeuge-fuer-landwirtschaft-gartenbau\/","title":{"rendered":"STUBAI Katalog 65 Maschinen\/Werkzeuge f\u00fcr Landwirtschaft\/Gartenbau"},"content":{"rendered":"<h1><strong>original brochure<br \/>\n<\/strong><\/h1>\n<h2>STUBAI Werkzeugindustrie, Fulpmes\/\u00d6sterreich<br \/>\nMaschinen und Werkzeuge f\u00fcr Landwirtschaft und Gartenbau<br \/>\nKatalog 65<br \/>\n<span style=\"font-size: 75%;\">Traktorgabel, Hammerm\u00fchle, Gr\u00fcnfutter- und R\u00fcbenm\u00fchle, Setzflott,<br \/>\nAnh\u00e4nger &#8222;Bergk\u00f6nig&#8220;<br \/>\nHandrechen, divers. Ersatzteile, S\u00e4gen, Scheren, J\u00e4ter, Rechen, Haue<\/span><br \/>\n<span style=\"font-size: 75%;\">Dengelapparat, Schellen, Beile<\/span><\/h2>\n<ul>\n<li><em>approx.<\/em> A4 format<\/li>\n<li><em>28<\/em> pages<\/li>\n<li>German<\/li>\n<li>not punched<\/li>\n<li>used<\/li>\n<li>very good condition<\/li>\n<li>100% original<\/li>\n<\/ul>","protected":false},"excerpt":{"rendered":"<p>original Prospekt STUBAI Werkzeugindustrie, Fulpmes\/\u00d6sterreich Maschinen und Werkzeuge f\u00fcr Landwirtschaft und Gartenbau Katalog 65 Traktorgabel, Hammerm\u00fchle, Gr\u00fcnfutter- und R\u00fcbenm\u00fchle, Setzflott, Anh\u00e4nger &#8222;Bergk\u00f6nig&#8220; Handrechen, divers. Ersatzteile, S\u00e4gen, Scheren, J\u00e4ter, Rechen, Haue Dengelapparat, Schellen, Beile ca. A4 Format 28 Seiten Deutsch nicht gelocht gebraucht sehr guter Zustand 100% original<\/p>","protected":false},"featured_media":15809,"template":"","meta":[],"product_brand":[],"product_cat":[45,123,132],"product_tag":[767,2356,2350,2359,2354,2353,1210,436,817,2351,2355,2352,2349,2357,2348,2358],"class_list":{"0":"post-15871","1":"product","2":"type-product","3":"status-publish","4":"has-post-thumbnail","6":"product_cat-prospekte","7":"product_cat-sonstige","8":"product_cat-sonstige-prospekte","9":"product_tag-anhaenger","10":"product_tag-beile","11":"product_tag-divers-ersatzteile","12":"product_tag-gartenbau","13":"product_tag-haue-dengelapparat","14":"product_tag-jaeter","15":"product_tag-katalog","16":"product_tag-muehlen","17":"product_tag-rechen","18":"product_tag-saegen","19":"product_tag-schellen","20":"product_tag-scheren","21":"product_tag-setzflott","22":"product_tag-stubai","23":"product_tag-traktorgabel","24":"product_tag-werkzeuge","26":"first","27":"instock","28":"shipping-taxable","29":"purchasable","30":"product-type-simple"},"_links":{"self":[{"href":"https:\/\/www.agraritaeten-shop.com\/en\/wp-json\/wp\/v2\/product\/15871","targetHints":{"allow":["GET"]}}],"collection":[{"href":"https:\/\/www.agraritaeten-shop.com\/en\/wp-json\/wp\/v2\/product"}],"about":[{"href":"https:\/\/www.agraritaeten-shop.com\/en\/wp-json\/wp\/v2\/types\/product"}],"wp:featuredmedia":[{"embeddable":true,"href":"https:\/\/www.agraritaeten-shop.com\/en\/wp-json\/wp\/v2\/media\/15809"}],"wp:attachment":[{"href":"https:\/\/www.agraritaeten-shop.com\/en\/wp-json\/wp\/v2\/media?parent=15871"}],"wp:term":[{"taxonomy":"product_brand","embeddable":true,"href":"https:\/\/www.agraritaeten-shop.com\/en\/wp-json\/wp\/v2\/product_brand?post=15871"},{"taxonomy":"product_cat","embeddable":true,"href":"https:\/\/www.agraritaeten-shop.com\/en\/wp-json\/wp\/v2\/product_cat?post=15871"},{"taxonomy":"product_tag","embeddable":true,"href":"https:\/\/www.agraritaeten-shop.com\/en\/wp-json\/wp\/v2\/product_tag?post=15871"}],"curies":[{"name":"wp","href":"https:\/\/api.w.org\/{rel}","templated":true}]}}