{"id":15945,"date":"2025-03-18T22:18:16","date_gmt":"2025-03-18T21:18:16","guid":{"rendered":"https:\/\/www.agraritaeten-shop.com\/?post_type=product&#038;p=15945"},"modified":"2025-02-24T22:20:25","modified_gmt":"2025-02-24T21:20:25","slug":"buehler-firmenzeitung-diagramm-52-1971","status":"publish","type":"product","link":"https:\/\/www.agraritaeten-shop.com\/en\/shop\/magazine\/firmenzeitungen\/buehler-firmenzeitung-diagramm-52-1971\/","title":{"rendered":"B\u00dcHLER Firmenzeitung DIAGRAMM 52\/1971"},"content":{"rendered":"<h1><strong>original brochure<br \/>\n<\/strong><\/h1>\n<h2>Gebr\u00fcder B\u00dcHLER AG<br \/>\nFirmenzeitung &#8222;B\u00fchler diagramm&#8220;<br \/>\n<span style=\"font-size: 75%;\">Ausgabe 52, Dezember 1971<\/span><\/h2>\n<ul>\n<li>A4 format<\/li>\n<li>32 pages<\/li>\n<li>German<\/li>\n<li>not punched<\/li>\n<li>used<\/li>\n<li>very good condition<\/li>\n<li>100% original<\/li>\n<\/ul>","protected":false},"excerpt":{"rendered":"<p>original Prospekt Gebr\u00fcder B\u00dcHLER AG Firmenzeitung &#8222;B\u00fchler diagramm&#8220; Ausgabe 52, Dezember 1971 A4 Format 32 Seiten Deutsch nicht gelocht gebraucht sehr guter Zustand 100% original<\/p>","protected":false},"featured_media":15824,"template":"","meta":[],"product_brand":[],"product_cat":[892,697,123],"product_tag":[2222,2287,1099,698,186],"class_list":{"0":"post-15945","1":"product","2":"type-product","3":"status-publish","4":"has-post-thumbnail","6":"product_cat-firmenzeitungen","7":"product_cat-magazine","8":"product_cat-sonstige","9":"product_tag-buehler","10":"product_tag-diagramm","11":"product_tag-firmenzeitung","12":"product_tag-magazin","13":"product_tag-prospekt","15":"first","16":"instock","17":"shipping-taxable","18":"purchasable","19":"product-type-simple"},"_links":{"self":[{"href":"https:\/\/www.agraritaeten-shop.com\/en\/wp-json\/wp\/v2\/product\/15945","targetHints":{"allow":["GET"]}}],"collection":[{"href":"https:\/\/www.agraritaeten-shop.com\/en\/wp-json\/wp\/v2\/product"}],"about":[{"href":"https:\/\/www.agraritaeten-shop.com\/en\/wp-json\/wp\/v2\/types\/product"}],"wp:featuredmedia":[{"embeddable":true,"href":"https:\/\/www.agraritaeten-shop.com\/en\/wp-json\/wp\/v2\/media\/15824"}],"wp:attachment":[{"href":"https:\/\/www.agraritaeten-shop.com\/en\/wp-json\/wp\/v2\/media?parent=15945"}],"wp:term":[{"taxonomy":"product_brand","embeddable":true,"href":"https:\/\/www.agraritaeten-shop.com\/en\/wp-json\/wp\/v2\/product_brand?post=15945"},{"taxonomy":"product_cat","embeddable":true,"href":"https:\/\/www.agraritaeten-shop.com\/en\/wp-json\/wp\/v2\/product_cat?post=15945"},{"taxonomy":"product_tag","embeddable":true,"href":"https:\/\/www.agraritaeten-shop.com\/en\/wp-json\/wp\/v2\/product_tag?post=15945"}],"curies":[{"name":"wp","href":"https:\/\/api.w.org\/{rel}","templated":true}]}}