{"id":16024,"date":"2025-02-26T21:38:35","date_gmt":"2025-02-26T20:38:35","guid":{"rendered":"https:\/\/www.agraritaeten-shop.com\/?post_type=product&#038;p=16024"},"modified":"2025-02-26T21:43:15","modified_gmt":"2025-02-26T20:43:15","slug":"hohebuch-prospekt-saatzuchtmaschinen-programm","status":"publish","type":"product","link":"https:\/\/www.agraritaeten-shop.com\/en\/shop\/prospekte\/sonstige-prospekte\/hohebuch-prospekt-saatzuchtmaschinen-programm\/","title":{"rendered":"HOHEBUCH Prospekt Saatzuchtmaschinen Programm"},"content":{"rendered":"<h1><strong>original brochure<br \/>\n<\/strong><\/h1>\n<h2>HOHEBUCH Saatzuchtmaschinen Programm<br \/>\n<span style=\"font-size: 75%;\">Hans-Ulrich HEGE<\/span><\/h2>\n<ul>\n<li>10cm x 21cm<\/li>\n<li>fold-out along the length to 7 times its original size<\/li>\n<li>German<\/li>\n<li>not punched<\/li>\n<li>used<\/li>\n<li>very good condition<\/li>\n<li>100% original<\/li>\n<\/ul>","protected":false},"excerpt":{"rendered":"<p>original Prospekt HOHEBUCH Saatzuchtmaschinen Programm Hans-Ulrich HEGE 10cm x 21cm der L\u00e4nge nach ausklappbar zur 7fachen Gr\u00f6\u00dfe Deutsch nicht gelocht gebraucht sehr guter Zustand 100% original<\/p>","protected":false},"featured_media":15987,"template":"","meta":[],"product_brand":[],"product_cat":[45,123,132],"product_tag":[1821,303,186,2376],"class_list":{"0":"post-16024","1":"product","2":"type-product","3":"status-publish","4":"has-post-thumbnail","6":"product_cat-prospekte","7":"product_cat-sonstige","8":"product_cat-sonstige-prospekte","9":"product_tag-hohebuch","10":"product_tag-programm","11":"product_tag-prospekt","12":"product_tag-saatzuchtmaschinen","14":"first","15":"instock","16":"shipping-taxable","17":"purchasable","18":"product-type-simple"},"_links":{"self":[{"href":"https:\/\/www.agraritaeten-shop.com\/en\/wp-json\/wp\/v2\/product\/16024","targetHints":{"allow":["GET"]}}],"collection":[{"href":"https:\/\/www.agraritaeten-shop.com\/en\/wp-json\/wp\/v2\/product"}],"about":[{"href":"https:\/\/www.agraritaeten-shop.com\/en\/wp-json\/wp\/v2\/types\/product"}],"wp:featuredmedia":[{"embeddable":true,"href":"https:\/\/www.agraritaeten-shop.com\/en\/wp-json\/wp\/v2\/media\/15987"}],"wp:attachment":[{"href":"https:\/\/www.agraritaeten-shop.com\/en\/wp-json\/wp\/v2\/media?parent=16024"}],"wp:term":[{"taxonomy":"product_brand","embeddable":true,"href":"https:\/\/www.agraritaeten-shop.com\/en\/wp-json\/wp\/v2\/product_brand?post=16024"},{"taxonomy":"product_cat","embeddable":true,"href":"https:\/\/www.agraritaeten-shop.com\/en\/wp-json\/wp\/v2\/product_cat?post=16024"},{"taxonomy":"product_tag","embeddable":true,"href":"https:\/\/www.agraritaeten-shop.com\/en\/wp-json\/wp\/v2\/product_tag?post=16024"}],"curies":[{"name":"wp","href":"https:\/\/api.w.org\/{rel}","templated":true}]}}