{"id":16064,"date":"2025-05-07T09:16:03","date_gmt":"2025-05-07T07:16:03","guid":{"rendered":"https:\/\/www.agraritaeten-shop.com\/?post_type=product&#038;p=16064"},"modified":"2025-05-18T16:14:27","modified_gmt":"2025-05-18T14:14:27","slug":"helwig-prospekt-anbauroder-planet","status":"publish","type":"product","link":"https:\/\/www.agraritaeten-shop.com\/en\/shop\/prospekte\/sonstige-prospekte\/helwig-prospekt-anbauroder-planet\/","title":{"rendered":"HEBER Prospekt F\u00f6rderer"},"content":{"rendered":"<h1><strong>original brochure<br \/>\n<\/strong><\/h1>\n<h2>HEBER F\u00f6rderer<br \/>\n<span style=\"font-size: 75%;\">Steilf\u00f6rderer, Zweikettenf\u00f6rderer, Dung- und Kleinf\u00f6rderer, Gebl\u00e4seh\u00e4cksler<\/span><br \/>\n<span style=\"font-size: 75%;\">H\u00e4ckselgebl\u00e4se, Einbau-F\u00f6rderanlagen, Fahrkarren, F\u00f6rderer f\u00fcr S\u00e4cke<\/span><\/h2>\n<ul>\n<li>approx. A4 Format<\/li>\n<li>1 sheet, printed on both sides<\/li>\n<li>German<\/li>\n<li>punched<\/li>\n<li>used<\/li>\n<li>very good condition<\/li>\n<li>100% original<\/li>\n<\/ul>","protected":false},"excerpt":{"rendered":"<p>original Prospekt HEBER F\u00f6rderer Steilf\u00f6rderer, Zweikettenf\u00f6rderer, Dung- und Kleinf\u00f6rderer, Gebl\u00e4seh\u00e4cksler H\u00e4ckselgebl\u00e4se, Einbau-F\u00f6rderanlagen, Fahrkarren, F\u00f6rderer f\u00fcr S\u00e4cke ca. A4 Format 1 Blatt, beidseitig bedruckt Deutsch gelocht gebraucht sehr guter Zustand 100% original<\/p>","protected":false},"featured_media":15972,"template":"","meta":[],"product_brand":[],"product_cat":[45,132,123],"product_tag":[1792,2382,186],"class_list":{"0":"post-16064","1":"product","2":"type-product","3":"status-publish","4":"has-post-thumbnail","6":"product_cat-prospekte","7":"product_cat-sonstige-prospekte","8":"product_cat-sonstige","9":"product_tag-foerderer","10":"product_tag-heber","11":"product_tag-prospekt","13":"first","14":"instock","15":"shipping-taxable","16":"purchasable","17":"product-type-simple"},"_links":{"self":[{"href":"https:\/\/www.agraritaeten-shop.com\/en\/wp-json\/wp\/v2\/product\/16064","targetHints":{"allow":["GET"]}}],"collection":[{"href":"https:\/\/www.agraritaeten-shop.com\/en\/wp-json\/wp\/v2\/product"}],"about":[{"href":"https:\/\/www.agraritaeten-shop.com\/en\/wp-json\/wp\/v2\/types\/product"}],"wp:featuredmedia":[{"embeddable":true,"href":"https:\/\/www.agraritaeten-shop.com\/en\/wp-json\/wp\/v2\/media\/15972"}],"wp:attachment":[{"href":"https:\/\/www.agraritaeten-shop.com\/en\/wp-json\/wp\/v2\/media?parent=16064"}],"wp:term":[{"taxonomy":"product_brand","embeddable":true,"href":"https:\/\/www.agraritaeten-shop.com\/en\/wp-json\/wp\/v2\/product_brand?post=16064"},{"taxonomy":"product_cat","embeddable":true,"href":"https:\/\/www.agraritaeten-shop.com\/en\/wp-json\/wp\/v2\/product_cat?post=16064"},{"taxonomy":"product_tag","embeddable":true,"href":"https:\/\/www.agraritaeten-shop.com\/en\/wp-json\/wp\/v2\/product_tag?post=16064"}],"curies":[{"name":"wp","href":"https:\/\/api.w.org\/{rel}","templated":true}]}}