{"id":16169,"date":"2025-03-02T16:16:44","date_gmt":"2025-03-02T15:16:44","guid":{"rendered":"https:\/\/www.agraritaeten-shop.com\/?post_type=product&#038;p=16169"},"modified":"2025-03-02T16:21:43","modified_gmt":"2025-03-02T15:21:43","slug":"hofherr-schrantz-prospekt-maehdrescher-smd-190-unvollstaendig","status":"publish","type":"product","link":"https:\/\/www.agraritaeten-shop.com\/en\/shop\/prospekte\/hofherr-schrantz-prospekte\/hofherr-schrantz-prospekt-maehdrescher-smd-190-unvollstaendig\/","title":{"rendered":"HOFHERR-SCHRANTZ Prospekt M\u00e4hdrescher SMD 190 (INCOMPLETE!)"},"content":{"rendered":"<h1><span style=\"font-size: 100%;\"><strong>original brochure\/magazine INCOMPLETE!<\/strong><\/span><\/h1>\n<h1><span style=\"font-size: 95%;\">HOFHERR-SCHRANTZ <\/span><br \/>\n<span style=\"font-size: 95%;\">selbstfahrender M\u00e4hdrescher SMD 190<br \/>\nATTENTION: incomplete!<br \/>\n<span style=\"font-size: 75%;\">it consists only of the title page, the rest has been removed and is not present, originally the brochure consisted of 6 pages\u00a0<\/span><\/span><\/h1>\n<ul>\n<li><span style=\"color: #000000;\">A4 format<\/span><\/li>\n<li><span style=\"color: #000000;\">1 sheet of the original 6 pages<\/span><\/li>\n<li><span style=\"color: #000000;\">German<\/span><\/li>\n<li><span style=\"color: #000000;\">punched<\/span><\/li>\n<li><span style=\"color: #000000;\">used<\/span><\/li>\n<li><span style=\"color: #000000;\">INCOMPLETE!!!<\/span><\/li>\n<li><span style=\"color: #000000;\">100% original<\/span><\/li>\n<\/ul>","protected":false},"excerpt":{"rendered":"<p>original Prospekt UNVOLLST\u00c4NDIG! HOFHERR-SCHRANTZ selbstfahrender M\u00e4hdrescher SMD 190 ACHTUNG: Unvollst\u00e4ndig! Es besteht nur aus der Titelseite, der Rest wurde abgetrennt und ist nicht vorhanden. Urspr\u00fcnglich bestand das Prospekt aus 6 Seiten.\u00a0 A4 Format 1 Blatt von urspr\u00fcnglich 6 Seiten Deutsch gelocht gebraucht UNVOLLST\u00c4NDIG!!! 100% original<\/p>","protected":false},"featured_media":16104,"template":"","meta":[],"product_brand":[],"product_cat":[141,51,45],"product_tag":[333,332,189,186,334],"class_list":{"0":"post-16169","1":"product","2":"type-product","3":"status-publish","4":"has-post-thumbnail","6":"product_cat-hofherr-schrantz-prospekte","7":"product_cat-hofherr-schrantz","8":"product_cat-prospekte","9":"product_tag-hofherr","10":"product_tag-hofherr-schrantz","11":"product_tag-maehdrescher","12":"product_tag-prospekt","13":"product_tag-schrantz","15":"first","16":"instock","17":"shipping-taxable","18":"purchasable","19":"product-type-simple"},"_links":{"self":[{"href":"https:\/\/www.agraritaeten-shop.com\/en\/wp-json\/wp\/v2\/product\/16169","targetHints":{"allow":["GET"]}}],"collection":[{"href":"https:\/\/www.agraritaeten-shop.com\/en\/wp-json\/wp\/v2\/product"}],"about":[{"href":"https:\/\/www.agraritaeten-shop.com\/en\/wp-json\/wp\/v2\/types\/product"}],"wp:featuredmedia":[{"embeddable":true,"href":"https:\/\/www.agraritaeten-shop.com\/en\/wp-json\/wp\/v2\/media\/16104"}],"wp:attachment":[{"href":"https:\/\/www.agraritaeten-shop.com\/en\/wp-json\/wp\/v2\/media?parent=16169"}],"wp:term":[{"taxonomy":"product_brand","embeddable":true,"href":"https:\/\/www.agraritaeten-shop.com\/en\/wp-json\/wp\/v2\/product_brand?post=16169"},{"taxonomy":"product_cat","embeddable":true,"href":"https:\/\/www.agraritaeten-shop.com\/en\/wp-json\/wp\/v2\/product_cat?post=16169"},{"taxonomy":"product_tag","embeddable":true,"href":"https:\/\/www.agraritaeten-shop.com\/en\/wp-json\/wp\/v2\/product_tag?post=16169"}],"curies":[{"name":"wp","href":"https:\/\/api.w.org\/{rel}","templated":true}]}}