{"id":16188,"date":"2025-03-02T20:23:43","date_gmt":"2025-03-02T19:23:43","guid":{"rendered":"https:\/\/www.agraritaeten-shop.com\/?post_type=product&#038;p=16188"},"modified":"2025-03-17T13:41:16","modified_gmt":"2025-03-17T12:41:16","slug":"bur-co-infoblatt-zu-maeh-sitzwagen-fuer-motormaeher-aebi-am40","status":"publish","type":"product","link":"https:\/\/www.agraritaeten-shop.com\/en\/shop\/prospekte\/sonstige-prospekte\/bur-co-infoblatt-zu-maeh-sitzwagen-fuer-motormaeher-aebi-am40\/","title":{"rendered":"BUR &#038; Co Infoblatt zu M\u00e4h-Sitzwagen f\u00fcr Motorm\u00e4her AEBI AM40"},"content":{"rendered":"<h1><strong>original brochure<br \/>\n<\/strong><\/h1>\n<h2>BUR &amp; Co Infoblatt\/Beiblatt<br \/>\nzu M\u00e4h-Sitzwagen f\u00fcr Motorm\u00e4her AEBI AM40<br \/>\n<span style=\"font-size: 75%;\"><strong>ACHTUNG<\/strong>: es handelt sich hier um eine Kopie, allerdings ist davon auszugehen, dass diese von der Firma angefertigt und in dieser Form ausgegeben wurden.\u00a0<\/span><\/h2>\n<ul>\n<li>A4 format<\/li>\n<li>1 sheet, printed on one side<\/li>\n<li>German<\/li>\n<li>not punched<\/li>\n<li>used<\/li>\n<li>folded in the middle<\/li>\n<li>traces of stapling, as it was likely used as a supplementary sheet<br \/>\notherwise very good condition<\/li>\n<li>Kopie! Vermutlich aber in dieser Form von der Firma ausgegeben.<\/li>\n<\/ul>","protected":false},"excerpt":{"rendered":"<p>original Prospekt BUR &amp; Co Infoblatt\/Beiblatt zu M\u00e4h-Sitzwagen f\u00fcr Motorm\u00e4her AEBI AM40 ACHTUNG: es handelt sich hier um eine Kopie, allerdings ist davon auszugehen, dass diese von der Firma angefertigt und in dieser Form ausgegeben wurden.\u00a0 A4 Format 1 Blatt, einseitig bedruckt Deutsch nicht gelocht gebraucht in der Mitte geknickt Spuren einer Klammerung, da vermutlich [&#8230;]\n","protected":false},"featured_media":16116,"template":"","meta":[],"product_brand":[],"product_cat":[45,123,132],"product_tag":[1288,1987,1988,2286,262,366,186],"class_list":{"0":"post-16188","1":"product","2":"type-product","3":"status-publish","4":"has-post-thumbnail","6":"product_cat-prospekte","7":"product_cat-sonstige","8":"product_cat-sonstige-prospekte","9":"product_tag-aebi","10":"product_tag-bur","11":"product_tag-bur-co","12":"product_tag-maeh-sitzwagen","13":"product_tag-maeher","14":"product_tag-motormaeher","15":"product_tag-prospekt","17":"first","18":"outofstock","19":"shipping-taxable","20":"purchasable","21":"product-type-simple"},"_links":{"self":[{"href":"https:\/\/www.agraritaeten-shop.com\/en\/wp-json\/wp\/v2\/product\/16188","targetHints":{"allow":["GET"]}}],"collection":[{"href":"https:\/\/www.agraritaeten-shop.com\/en\/wp-json\/wp\/v2\/product"}],"about":[{"href":"https:\/\/www.agraritaeten-shop.com\/en\/wp-json\/wp\/v2\/types\/product"}],"wp:featuredmedia":[{"embeddable":true,"href":"https:\/\/www.agraritaeten-shop.com\/en\/wp-json\/wp\/v2\/media\/16116"}],"wp:attachment":[{"href":"https:\/\/www.agraritaeten-shop.com\/en\/wp-json\/wp\/v2\/media?parent=16188"}],"wp:term":[{"taxonomy":"product_brand","embeddable":true,"href":"https:\/\/www.agraritaeten-shop.com\/en\/wp-json\/wp\/v2\/product_brand?post=16188"},{"taxonomy":"product_cat","embeddable":true,"href":"https:\/\/www.agraritaeten-shop.com\/en\/wp-json\/wp\/v2\/product_cat?post=16188"},{"taxonomy":"product_tag","embeddable":true,"href":"https:\/\/www.agraritaeten-shop.com\/en\/wp-json\/wp\/v2\/product_tag?post=16188"}],"curies":[{"name":"wp","href":"https:\/\/api.w.org\/{rel}","templated":true}]}}