{"id":16303,"date":"2025-04-22T21:41:53","date_gmt":"2025-04-22T19:41:53","guid":{"rendered":"https:\/\/www.agraritaeten-shop.com\/?post_type=product&#038;p=16303"},"modified":"2026-03-02T12:01:06","modified_gmt":"2026-03-02T11:01:06","slug":"lfh-prospekt-kartoffel-u-rueben-kulturgeraete-fuer-hanomag-schlepper","status":"publish","type":"product","link":"https:\/\/www.agraritaeten-shop.com\/en\/shop\/prospekte\/prospekte-hanomag\/lfh-prospekt-kartoffel-u-rueben-kulturgeraete-fuer-hanomag-schlepper\/","title":{"rendered":"LFH Prospekt Kartoffel- u. R\u00fcben-Kulturger\u00e4te f\u00fcr HANOMAG Schlepper"},"content":{"rendered":"<h1><strong>original brochure<\/strong><\/h1>\n<h1>LFH Landmaschinenfabrik Hannover<br \/>\nKartoffel- u. R\u00fcben-Kulturger\u00e4te<br \/>\n<span style=\"font-size: 75%;\">f\u00fcr HANOMAG Schlepper und Ger\u00e4tetr\u00e4ger<\/span><\/h1>\n<ul>\n<li>A4 format<\/li>\n<li>8 pages<\/li>\n<li>German<\/li>\n<li>punched<\/li>\n<li>used<\/li>\n<li>very good condition<\/li>\n<li>100% original<\/li>\n<li>Print No.: <em>D3<\/em><\/li>\n<\/ul>","protected":false},"excerpt":{"rendered":"<p>original Prospekt LFH Landmaschinenfabrik Hannover Kartoffel- u. R\u00fcben-Kulturger\u00e4te f\u00fcr HANOMAG Schlepper und Ger\u00e4tetr\u00e4ger A4 Format 8 Seiten Deutsch gelocht gebraucht sehr guter Zustand 100% original DruckNr. D3<\/p>","protected":false},"featured_media":16233,"template":"","meta":[],"product_brand":[],"product_cat":[524,143,45,132,123],"product_tag":[525,283,2320,2418,186,2419,256],"class_list":{"0":"post-16303","1":"product","2":"type-product","3":"status-publish","4":"has-post-thumbnail","6":"product_cat-prospekte-hanomag","7":"product_cat-hanomag","8":"product_cat-prospekte","9":"product_cat-sonstige-prospekte","10":"product_cat-sonstige","11":"product_tag-hanomag","12":"product_tag-kartoffel","13":"product_tag-kulturgeraete","14":"product_tag-lfh","15":"product_tag-prospekt","16":"product_tag-rueben","17":"product_tag-schlepper","19":"first","20":"instock","21":"shipping-taxable","22":"purchasable","23":"product-type-simple"},"_links":{"self":[{"href":"https:\/\/www.agraritaeten-shop.com\/en\/wp-json\/wp\/v2\/product\/16303","targetHints":{"allow":["GET"]}}],"collection":[{"href":"https:\/\/www.agraritaeten-shop.com\/en\/wp-json\/wp\/v2\/product"}],"about":[{"href":"https:\/\/www.agraritaeten-shop.com\/en\/wp-json\/wp\/v2\/types\/product"}],"wp:featuredmedia":[{"embeddable":true,"href":"https:\/\/www.agraritaeten-shop.com\/en\/wp-json\/wp\/v2\/media\/16233"}],"wp:attachment":[{"href":"https:\/\/www.agraritaeten-shop.com\/en\/wp-json\/wp\/v2\/media?parent=16303"}],"wp:term":[{"taxonomy":"product_brand","embeddable":true,"href":"https:\/\/www.agraritaeten-shop.com\/en\/wp-json\/wp\/v2\/product_brand?post=16303"},{"taxonomy":"product_cat","embeddable":true,"href":"https:\/\/www.agraritaeten-shop.com\/en\/wp-json\/wp\/v2\/product_cat?post=16303"},{"taxonomy":"product_tag","embeddable":true,"href":"https:\/\/www.agraritaeten-shop.com\/en\/wp-json\/wp\/v2\/product_tag?post=16303"}],"curies":[{"name":"wp","href":"https:\/\/api.w.org\/{rel}","templated":true}]}}