{"id":16310,"date":"2025-04-18T21:58:42","date_gmt":"2025-04-18T19:58:42","guid":{"rendered":"https:\/\/www.agraritaeten-shop.com\/?post_type=product&#038;p=16310"},"modified":"2025-05-22T23:06:07","modified_gmt":"2025-05-22T21:06:07","slug":"rivierre-casalis-prospekt-geraete-programm","status":"publish","type":"product","link":"https:\/\/www.agraritaeten-shop.com\/en\/shop\/prospekte\/sonstige-prospekte\/rivierre-casalis-prospekt-geraete-programm\/","title":{"rendered":"RIVIERRE-CASALIS Prospekt Ger\u00e4te-Programm"},"content":{"rendered":"<h1><strong>original brochure<br \/>\n<\/strong><\/h1>\n<h2>RIVIERRE-CASALIS Ger\u00e4te-Programm<br \/>\n<span style=\"font-size: 75%;\">Aufsammelpresse, H\u00e4cksler, Maisdrescher, Maispfl\u00fccker, Maispfl\u00fcckvors\u00e4tze, Trockner, Strohschl\u00e4ger, F\u00f6rderschnecken, S\u00e4maschinen<\/span><\/h2>\n<ul>\n<li>A4 format<\/li>\n<li>1 sheet, single-sided printed (on thin paper)<\/li>\n<li>German<\/li>\n<li>not punched<\/li>\n<li>used<\/li>\n<li>edges slightly worn, otherwise well-preserved<\/li>\n<li>100% original<\/li>\n<li>DruckNr. 20000 2\/76<\/li>\n<\/ul>","protected":false},"excerpt":{"rendered":"<p>original Prospekt RIVIERRE-CASALIS Ger\u00e4te-Programm Aufsammelpresse, H\u00e4cksler, Maisdrescher, Maispfl\u00fccker, Maispfl\u00fcckvors\u00e4tze, Trockner, Strohschl\u00e4ger, F\u00f6rderschnecken, S\u00e4maschinen A4 Format 1 Blatt, einseitig bedruckt auf d\u00fcnnem Papier Deutsch nicht gelocht gebraucht Kanten etwas abgegriffen, ansonsten gut erhalten 100% original DruckNr. 20000 2\/76<\/p>","protected":false},"featured_media":16253,"template":"","meta":[],"product_brand":[],"product_cat":[45,132,123],"product_tag":[242,1345,323,298,2421,511,208,303,186,2423,870,2422,809],"class_list":{"0":"post-16310","1":"product","2":"type-product","3":"status-publish","4":"has-post-thumbnail","6":"product_cat-prospekte","7":"product_cat-sonstige-prospekte","8":"product_cat-sonstige","9":"product_tag-aufsammelpresse","10":"product_tag-foerderschnecken","11":"product_tag-geraete","12":"product_tag-haecksler","13":"product_tag-maisdrescher","14":"product_tag-maispfluecker","15":"product_tag-maispflueckvorsaetze","16":"product_tag-programm","17":"product_tag-prospekt","18":"product_tag-rivierre-casalis","19":"product_tag-saemaschinen","20":"product_tag-strohschlaeger","21":"product_tag-trockner","23":"first","24":"outofstock","25":"shipping-taxable","26":"purchasable","27":"product-type-simple"},"_links":{"self":[{"href":"https:\/\/www.agraritaeten-shop.com\/en\/wp-json\/wp\/v2\/product\/16310","targetHints":{"allow":["GET"]}}],"collection":[{"href":"https:\/\/www.agraritaeten-shop.com\/en\/wp-json\/wp\/v2\/product"}],"about":[{"href":"https:\/\/www.agraritaeten-shop.com\/en\/wp-json\/wp\/v2\/types\/product"}],"wp:featuredmedia":[{"embeddable":true,"href":"https:\/\/www.agraritaeten-shop.com\/en\/wp-json\/wp\/v2\/media\/16253"}],"wp:attachment":[{"href":"https:\/\/www.agraritaeten-shop.com\/en\/wp-json\/wp\/v2\/media?parent=16310"}],"wp:term":[{"taxonomy":"product_brand","embeddable":true,"href":"https:\/\/www.agraritaeten-shop.com\/en\/wp-json\/wp\/v2\/product_brand?post=16310"},{"taxonomy":"product_cat","embeddable":true,"href":"https:\/\/www.agraritaeten-shop.com\/en\/wp-json\/wp\/v2\/product_cat?post=16310"},{"taxonomy":"product_tag","embeddable":true,"href":"https:\/\/www.agraritaeten-shop.com\/en\/wp-json\/wp\/v2\/product_tag?post=16310"}],"curies":[{"name":"wp","href":"https:\/\/api.w.org\/{rel}","templated":true}]}}