{"id":16373,"date":"2025-03-13T14:23:50","date_gmt":"2025-03-13T13:23:50","guid":{"rendered":"https:\/\/www.agraritaeten-shop.com\/?post_type=product&#038;p=16373"},"modified":"2025-03-13T14:33:28","modified_gmt":"2025-03-13T13:33:28","slug":"edel-prospekt-ventilatoren","status":"publish","type":"product","link":"https:\/\/www.agraritaeten-shop.com\/en\/shop\/prospekte\/sonstige-prospekte\/edel-prospekt-ventilatoren\/","title":{"rendered":"EDEL Prospekt Ventilatoren"},"content":{"rendered":"<h1><strong>original brochure<br \/>\n<\/strong><\/h1>\n<h2>EDEL Prospekt Ventilatoren<br \/>\n<span style=\"font-size: 75%;\">W\u00e4rmepumpen, Warmluftger\u00e4te, Notstromanlagen, Entl\u00fcftungsanlagen<\/span><br \/>\n<span style=\"font-size: 80%;\">Vertrieb: M. Haberl Landtechnik, Michaelbeuern<\/span><\/h2>\n<ul>\n<li>A4 format<\/li>\n<li>Fold-out brochure with 6 pages<\/li>\n<li>German<\/li>\n<li>punched<\/li>\n<li>used<\/li>\n<li>very good condition<\/li>\n<li>100% original<\/li>\n<\/ul>","protected":false},"excerpt":{"rendered":"<p>original Prospekt EDEL Prospekt Ventilatoren W\u00e4rmepumpen, Warmluftger\u00e4te, Notstromanlagen, Entl\u00fcftungsanlagen Vertrieb: M. Haberl Landtechnik, Michaelbeuern A4 Format 6 Seiten ausklappbar Deutsch gelocht gebraucht sehr guter Zustand 100% original<\/p>","protected":false},"featured_media":16327,"template":"","meta":[],"product_brand":[],"product_cat":[45,123,132],"product_tag":[2439,2444,2445,2443,186,2440,2441,2442],"class_list":{"0":"post-16373","1":"product","2":"type-product","3":"status-publish","4":"has-post-thumbnail","6":"product_cat-prospekte","7":"product_cat-sonstige","8":"product_cat-sonstige-prospekte","9":"product_tag-edel","10":"product_tag-entlueftungsanlagen","11":"product_tag-haberl","12":"product_tag-notstromanlagen","13":"product_tag-prospekt","14":"product_tag-ventilatoren","15":"product_tag-waermepumpen","16":"product_tag-warmluftgeraete","18":"first","19":"instock","20":"shipping-taxable","21":"purchasable","22":"product-type-simple"},"_links":{"self":[{"href":"https:\/\/www.agraritaeten-shop.com\/en\/wp-json\/wp\/v2\/product\/16373","targetHints":{"allow":["GET"]}}],"collection":[{"href":"https:\/\/www.agraritaeten-shop.com\/en\/wp-json\/wp\/v2\/product"}],"about":[{"href":"https:\/\/www.agraritaeten-shop.com\/en\/wp-json\/wp\/v2\/types\/product"}],"wp:featuredmedia":[{"embeddable":true,"href":"https:\/\/www.agraritaeten-shop.com\/en\/wp-json\/wp\/v2\/media\/16327"}],"wp:attachment":[{"href":"https:\/\/www.agraritaeten-shop.com\/en\/wp-json\/wp\/v2\/media?parent=16373"}],"wp:term":[{"taxonomy":"product_brand","embeddable":true,"href":"https:\/\/www.agraritaeten-shop.com\/en\/wp-json\/wp\/v2\/product_brand?post=16373"},{"taxonomy":"product_cat","embeddable":true,"href":"https:\/\/www.agraritaeten-shop.com\/en\/wp-json\/wp\/v2\/product_cat?post=16373"},{"taxonomy":"product_tag","embeddable":true,"href":"https:\/\/www.agraritaeten-shop.com\/en\/wp-json\/wp\/v2\/product_tag?post=16373"}],"curies":[{"name":"wp","href":"https:\/\/api.w.org\/{rel}","templated":true}]}}