{"id":16412,"date":"2025-04-28T23:14:03","date_gmt":"2025-04-28T21:14:03","guid":{"rendered":"https:\/\/www.agraritaeten-shop.com\/?post_type=product&#038;p=16412"},"modified":"2025-03-13T23:17:20","modified_gmt":"2025-03-13T22:17:20","slug":"hoelz-prospekt-guelle-foerderanlagen","status":"publish","type":"product","link":"https:\/\/www.agraritaeten-shop.com\/en\/shop\/prospekte\/sonstige-prospekte\/hoelz-prospekt-guelle-foerderanlagen\/","title":{"rendered":"H\u00d6LZ Prospekt G\u00fclle-F\u00f6rderanlagen"},"content":{"rendered":"<h1><strong>original brochure<\/strong><\/h1>\n<h1>Maschinenfabrik A. H\u00d6LZ<br \/>\nG\u00fclle-F\u00f6rderanlagen<\/h1>\n<ul>\n<li>A4 format<\/li>\n<li>8 pages<\/li>\n<li>German<\/li>\n<li>punched<\/li>\n<li>used<\/li>\n<li>very good condition<\/li>\n<li>100% original<\/li>\n<\/ul>","protected":false},"excerpt":{"rendered":"<p>original Prospekt Maschinenfabrik A. H\u00d6LZ G\u00fclle-F\u00f6rderanlagen A4 Format 8 Seiten Deutsch gelocht gebraucht sehr guter Zustand 100% original<\/p>","protected":false},"featured_media":16354,"template":"","meta":[],"product_brand":[],"product_cat":[45,132,123],"product_tag":[1346,1517,1375,186],"class_list":{"0":"post-16412","1":"product","2":"type-product","3":"status-publish","4":"has-post-thumbnail","6":"product_cat-prospekte","7":"product_cat-sonstige-prospekte","8":"product_cat-sonstige","9":"product_tag-foerderanlagen","10":"product_tag-guelle","11":"product_tag-hoelz","12":"product_tag-prospekt","14":"first","15":"instock","16":"shipping-taxable","17":"purchasable","18":"product-type-simple"},"_links":{"self":[{"href":"https:\/\/www.agraritaeten-shop.com\/en\/wp-json\/wp\/v2\/product\/16412","targetHints":{"allow":["GET"]}}],"collection":[{"href":"https:\/\/www.agraritaeten-shop.com\/en\/wp-json\/wp\/v2\/product"}],"about":[{"href":"https:\/\/www.agraritaeten-shop.com\/en\/wp-json\/wp\/v2\/types\/product"}],"wp:featuredmedia":[{"embeddable":true,"href":"https:\/\/www.agraritaeten-shop.com\/en\/wp-json\/wp\/v2\/media\/16354"}],"wp:attachment":[{"href":"https:\/\/www.agraritaeten-shop.com\/en\/wp-json\/wp\/v2\/media?parent=16412"}],"wp:term":[{"taxonomy":"product_brand","embeddable":true,"href":"https:\/\/www.agraritaeten-shop.com\/en\/wp-json\/wp\/v2\/product_brand?post=16412"},{"taxonomy":"product_cat","embeddable":true,"href":"https:\/\/www.agraritaeten-shop.com\/en\/wp-json\/wp\/v2\/product_cat?post=16412"},{"taxonomy":"product_tag","embeddable":true,"href":"https:\/\/www.agraritaeten-shop.com\/en\/wp-json\/wp\/v2\/product_tag?post=16412"}],"curies":[{"name":"wp","href":"https:\/\/api.w.org\/{rel}","templated":true}]}}