{"id":16545,"date":"2025-04-17T20:03:12","date_gmt":"2025-04-17T18:03:12","guid":{"rendered":"https:\/\/www.agraritaeten-shop.com\/?post_type=product&#038;p=16545"},"modified":"2025-03-16T20:57:30","modified_gmt":"2025-03-16T19:57:30","slug":"hege-prospekt-parzellen-maehdrescher-125-unvollstaendig","status":"publish","type":"product","link":"https:\/\/www.agraritaeten-shop.com\/en\/shop\/prospekte\/sonstige-prospekte\/hege-prospekt-parzellen-maehdrescher-125-unvollstaendig\/","title":{"rendered":"HEGE Prospekt Parzellen-M\u00e4hdrescher 125 (INCOMPLETE!!)"},"content":{"rendered":"<h1><strong>original brochure<br \/>\n<\/strong><\/h1>\n<h2>HEGE Parzellen-M\u00e4hdrescher 125<br \/>\n<strong>ATTENTION: INCOMPLETE!<\/strong><br \/>\nthese are 4 loose pages of a brochure<\/h2>\n<ul>\n<li>17cm x 28cm<\/li>\n<li>4 pages<\/li>\n<li>German<\/li>\n<li>not punched<\/li>\n<li>used<\/li>\n<li>INCOMPLETE!<\/li>\n<li>100% original<\/li>\n<\/ul>","protected":false},"excerpt":{"rendered":"<p>original Prospekt HEGE Parzellen-M\u00e4hdrescher 125 ACHTUNG: UNVOLLST\u00c4NDIG!! es handelt sich um 4 lose Seiten eines Prospekts 17cm x 28cm 4 Seiten Deutsch nicht gelocht gebraucht UNVOLLST\u00c4NDIG! 100% original<\/p>","protected":false},"featured_media":16464,"template":"","meta":[],"product_brand":[],"product_cat":[45,132,123],"product_tag":[833,189,186],"class_list":{"0":"post-16545","1":"product","2":"type-product","3":"status-publish","4":"has-post-thumbnail","6":"product_cat-prospekte","7":"product_cat-sonstige-prospekte","8":"product_cat-sonstige","9":"product_tag-hege","10":"product_tag-maehdrescher","11":"product_tag-prospekt","13":"first","14":"instock","15":"shipping-taxable","16":"purchasable","17":"product-type-simple"},"_links":{"self":[{"href":"https:\/\/www.agraritaeten-shop.com\/en\/wp-json\/wp\/v2\/product\/16545","targetHints":{"allow":["GET"]}}],"collection":[{"href":"https:\/\/www.agraritaeten-shop.com\/en\/wp-json\/wp\/v2\/product"}],"about":[{"href":"https:\/\/www.agraritaeten-shop.com\/en\/wp-json\/wp\/v2\/types\/product"}],"wp:featuredmedia":[{"embeddable":true,"href":"https:\/\/www.agraritaeten-shop.com\/en\/wp-json\/wp\/v2\/media\/16464"}],"wp:attachment":[{"href":"https:\/\/www.agraritaeten-shop.com\/en\/wp-json\/wp\/v2\/media?parent=16545"}],"wp:term":[{"taxonomy":"product_brand","embeddable":true,"href":"https:\/\/www.agraritaeten-shop.com\/en\/wp-json\/wp\/v2\/product_brand?post=16545"},{"taxonomy":"product_cat","embeddable":true,"href":"https:\/\/www.agraritaeten-shop.com\/en\/wp-json\/wp\/v2\/product_cat?post=16545"},{"taxonomy":"product_tag","embeddable":true,"href":"https:\/\/www.agraritaeten-shop.com\/en\/wp-json\/wp\/v2\/product_tag?post=16545"}],"curies":[{"name":"wp","href":"https:\/\/api.w.org\/{rel}","templated":true}]}}