{"id":16643,"date":"2025-03-27T15:26:22","date_gmt":"2025-03-27T14:26:22","guid":{"rendered":"https:\/\/www.agraritaeten-shop.com\/?post_type=product&#038;p=16643"},"modified":"2026-03-02T13:14:23","modified_gmt":"2026-03-02T12:14:23","slug":"steyr-prospekt-traktoren-15-68-ps","status":"publish","type":"product","link":"https:\/\/www.agraritaeten-shop.com\/en\/shop\/prospekte\/prospekt-steyr\/steyr-prospekt-traktoren-15-68-ps\/","title":{"rendered":"STEYR Prospekt Traktoren 15-68 PS"},"content":{"rendered":"<h1><strong>original brochure<br \/>\n<\/strong><\/h1>\n<h2>STEYR Traktoren 15-68 PS<br \/>\n<span style=\"font-size: 75%;\">Typ 80\/80s 15PS, <\/span><span style=\"font-size: 75%;\">Typ 84\/84a\/84e\/84s 18PS, <\/span><span style=\"font-size: 75%;\">Typ 188 28PS, <\/span><span style=\"font-size: 75%;\">Typ 288 45PS, <\/span><span style=\"font-size: 75%;\">Typ 185 55PS, <\/span><span style=\"font-size: 75%;\">Typ 280a 68PS<\/span><\/h2>\n<ul>\n<li>approx. 10cm x 21cm<\/li>\n<li>fold-out along the bottom length to 5 times its original size<\/li>\n<li>German<\/li>\n<li>not punched<\/li>\n<li>used<\/li>\n<li>very good condition<\/li>\n<li>100% original<\/li>\n<li>Print No.:<em> GR-BI-239-28.2113-100.000-8.62<\/em><\/li>\n<\/ul>","protected":false},"excerpt":{"rendered":"<p>original Prospekt STEYR Traktoren 15-68 PS Typ 80\/80s 15PS, Typ 84\/84a\/84e\/84s 18PS, Typ 188 28PS, Typ 288 45PS, Typ 185 55PS, Typ 280a 68PS ca. 10cm x 21cm der L\u00e4nge unten nach ausklappbar zur 5fachen Gr\u00f6\u00dfe Deutsch nicht gelocht gebraucht sehr guter Zustand 100% original DruckNr. GR-BI-239-28.2113-100.000-8.62<\/p>","protected":false},"featured_media":16638,"template":"","meta":[],"product_brand":[],"product_cat":[45,115,53],"product_tag":[186,306,188],"class_list":{"0":"post-16643","1":"product","2":"type-product","3":"status-publish","4":"has-post-thumbnail","6":"product_cat-prospekte","7":"product_cat-prospekt-steyr","8":"product_cat-steyr","9":"product_tag-prospekt","10":"product_tag-steyr","11":"product_tag-traktor","13":"first","14":"instock","15":"shipping-taxable","16":"purchasable","17":"product-type-simple"},"_links":{"self":[{"href":"https:\/\/www.agraritaeten-shop.com\/en\/wp-json\/wp\/v2\/product\/16643","targetHints":{"allow":["GET"]}}],"collection":[{"href":"https:\/\/www.agraritaeten-shop.com\/en\/wp-json\/wp\/v2\/product"}],"about":[{"href":"https:\/\/www.agraritaeten-shop.com\/en\/wp-json\/wp\/v2\/types\/product"}],"wp:featuredmedia":[{"embeddable":true,"href":"https:\/\/www.agraritaeten-shop.com\/en\/wp-json\/wp\/v2\/media\/16638"}],"wp:attachment":[{"href":"https:\/\/www.agraritaeten-shop.com\/en\/wp-json\/wp\/v2\/media?parent=16643"}],"wp:term":[{"taxonomy":"product_brand","embeddable":true,"href":"https:\/\/www.agraritaeten-shop.com\/en\/wp-json\/wp\/v2\/product_brand?post=16643"},{"taxonomy":"product_cat","embeddable":true,"href":"https:\/\/www.agraritaeten-shop.com\/en\/wp-json\/wp\/v2\/product_cat?post=16643"},{"taxonomy":"product_tag","embeddable":true,"href":"https:\/\/www.agraritaeten-shop.com\/en\/wp-json\/wp\/v2\/product_tag?post=16643"}],"curies":[{"name":"wp","href":"https:\/\/api.w.org\/{rel}","templated":true}]}}