{"id":16665,"date":"2025-03-28T19:30:19","date_gmt":"2025-03-28T18:30:19","guid":{"rendered":"https:\/\/www.agraritaeten-shop.com\/?post_type=product&#038;p=16665"},"modified":"2025-03-28T19:37:58","modified_gmt":"2025-03-28T18:37:58","slug":"kahlbacherer-prospekt-schneepfluege-fuer-lkw-unimog-u-traktoren-unovollstaendig","status":"publish","type":"product","link":"https:\/\/www.agraritaeten-shop.com\/en\/shop\/prospekte\/prospekte_mercedes-unimog\/kahlbacherer-prospekt-schneepfluege-fuer-lkw-unimog-u-traktoren-unovollstaendig\/","title":{"rendered":"KAHLBACHERER Prospekt Schneepfl\u00fcge f\u00fcr LKW, Unimog u. Traktoren (INCOMPLETE!)"},"content":{"rendered":"<h1><strong>original brochure (INCOMPLETE!)<br \/>\n<\/strong><\/h1>\n<h2>Toni KAHLBACHERER, Kitzb\u00fchel\/Tirol<br \/>\n<span style=\"font-size: 75%;\">Maschinenbau, Erzeugung von Winterdienstger\u00e4ten<\/span><br \/>\nSchneepfl\u00fcge f\u00fcr LKW, Unimog u. Traktoren<br \/>\n<strong>the brochure should consist of 8 pages however the inner pages are missing<\/strong><\/h2>\n<ul>\n<li>A4 format<\/li>\n<li>4 pages of the original 8<\/li>\n<li>German<\/li>\n<li>punched<\/li>\n<li>used<\/li>\n<li>INCOMPLETE<\/li>\n<li>100% original<\/li>\n<\/ul>","protected":false},"excerpt":{"rendered":"<p>original Prospekt (ACHTUNG unvollst\u00e4ndig!) Toni KAHLBACHERER, Kitzb\u00fchel\/Tirol Maschinenbau, Erzeugung von Winterdienstger\u00e4ten Schneepfl\u00fcge f\u00fcr LKW, Unimog u. Traktoren Der Prospekt sollte aus 8 Seiten bestehen, allerdings fehlen die Innenseiten! A4 Format 4 Seiten von urspr\u00fcnglich 8 Deutsch gelocht gebraucht UNVOLLST\u00c4NDIG 100% original<\/p>","protected":false},"featured_media":16612,"template":"","meta":[],"product_brand":[],"product_cat":[190,134,45,123,132,115,53],"product_tag":[1916,186,944,1918,1917,306,188],"class_list":{"0":"post-16665","1":"product","2":"type-product","3":"status-publish","4":"has-post-thumbnail","6":"product_cat-prospekte_mercedes-unimog","7":"product_cat-mercedes_unimog","8":"product_cat-prospekte","9":"product_cat-sonstige","10":"product_cat-sonstige-prospekte","11":"product_cat-prospekt-steyr","12":"product_cat-steyr","13":"product_tag-kahlbacherer","14":"product_tag-prospekt","15":"product_tag-schneefraese","16":"product_tag-schneepflug","17":"product_tag-schneeraeumgeraete","18":"product_tag-steyr","19":"product_tag-traktor","21":"first","22":"instock","23":"shipping-taxable","24":"purchasable","25":"product-type-simple"},"_links":{"self":[{"href":"https:\/\/www.agraritaeten-shop.com\/en\/wp-json\/wp\/v2\/product\/16665","targetHints":{"allow":["GET"]}}],"collection":[{"href":"https:\/\/www.agraritaeten-shop.com\/en\/wp-json\/wp\/v2\/product"}],"about":[{"href":"https:\/\/www.agraritaeten-shop.com\/en\/wp-json\/wp\/v2\/types\/product"}],"wp:featuredmedia":[{"embeddable":true,"href":"https:\/\/www.agraritaeten-shop.com\/en\/wp-json\/wp\/v2\/media\/16612"}],"wp:attachment":[{"href":"https:\/\/www.agraritaeten-shop.com\/en\/wp-json\/wp\/v2\/media?parent=16665"}],"wp:term":[{"taxonomy":"product_brand","embeddable":true,"href":"https:\/\/www.agraritaeten-shop.com\/en\/wp-json\/wp\/v2\/product_brand?post=16665"},{"taxonomy":"product_cat","embeddable":true,"href":"https:\/\/www.agraritaeten-shop.com\/en\/wp-json\/wp\/v2\/product_cat?post=16665"},{"taxonomy":"product_tag","embeddable":true,"href":"https:\/\/www.agraritaeten-shop.com\/en\/wp-json\/wp\/v2\/product_tag?post=16665"}],"curies":[{"name":"wp","href":"https:\/\/api.w.org\/{rel}","templated":true}]}}