{"id":16667,"date":"2025-03-28T19:46:27","date_gmt":"2025-03-28T18:46:27","guid":{"rendered":"https:\/\/www.agraritaeten-shop.com\/?post_type=product&#038;p=16667"},"modified":"2025-03-28T19:48:40","modified_gmt":"2025-03-28T18:48:40","slug":"kahlbacherer-prospekt-vorsteckfraese-fuer-unimog","status":"publish","type":"product","link":"https:\/\/www.agraritaeten-shop.com\/en\/shop\/prospekte\/prospekte_mercedes-unimog\/kahlbacherer-prospekt-vorsteckfraese-fuer-unimog\/","title":{"rendered":"KAHLBACHERER Prospekt Vorsteckfr\u00e4se f\u00fcr UNIMOG"},"content":{"rendered":"<h1><strong>original brochure<br \/>\n<\/strong><\/h1>\n<h2>Toni KAHLBACHERER, Kitzb\u00fchel\/Tirol<br \/>\n<span style=\"font-size: 75%;\">Maschinenbau, Erzeugung von Winterdienstger\u00e4ten<\/span><br \/>\nVorsteckfr\u00e4se f\u00fcr UNIMOG<\/h2>\n<ul>\n<li>A4 format<\/li>\n<li>1 sheet, printed on both sides<\/li>\n<li>German<\/li>\n<li>punched<\/li>\n<li>used<\/li>\n<li>very good condition<\/li>\n<li>100% original<\/li>\n<\/ul>","protected":false},"excerpt":{"rendered":"<p>original Prospekt Toni KAHLBACHERER, Kitzb\u00fchel\/Tirol Maschinenbau, Erzeugung von Winterdienstger\u00e4ten Vorsteckfr\u00e4se f\u00fcr UNIMOG A4 Format 1 Blatt, beidseitig bedruckt Deutsch gelocht gebraucht sehr guter Zustand 100% original<\/p>","protected":false},"featured_media":16613,"template":"","meta":[],"product_brand":[],"product_cat":[134,190,45,123,132],"product_tag":[1405,1916,186,331,2503],"class_list":{"0":"post-16667","1":"product","2":"type-product","3":"status-publish","4":"has-post-thumbnail","6":"product_cat-mercedes_unimog","7":"product_cat-prospekte_mercedes-unimog","8":"product_cat-prospekte","9":"product_cat-sonstige","10":"product_cat-sonstige-prospekte","11":"product_tag-fraese","12":"product_tag-kahlbacherer","13":"product_tag-prospekt","14":"product_tag-unimog","15":"product_tag-vorsteckfraese","17":"first","18":"instock","19":"shipping-taxable","20":"purchasable","21":"product-type-simple"},"_links":{"self":[{"href":"https:\/\/www.agraritaeten-shop.com\/en\/wp-json\/wp\/v2\/product\/16667","targetHints":{"allow":["GET"]}}],"collection":[{"href":"https:\/\/www.agraritaeten-shop.com\/en\/wp-json\/wp\/v2\/product"}],"about":[{"href":"https:\/\/www.agraritaeten-shop.com\/en\/wp-json\/wp\/v2\/types\/product"}],"wp:featuredmedia":[{"embeddable":true,"href":"https:\/\/www.agraritaeten-shop.com\/en\/wp-json\/wp\/v2\/media\/16613"}],"wp:attachment":[{"href":"https:\/\/www.agraritaeten-shop.com\/en\/wp-json\/wp\/v2\/media?parent=16667"}],"wp:term":[{"taxonomy":"product_brand","embeddable":true,"href":"https:\/\/www.agraritaeten-shop.com\/en\/wp-json\/wp\/v2\/product_brand?post=16667"},{"taxonomy":"product_cat","embeddable":true,"href":"https:\/\/www.agraritaeten-shop.com\/en\/wp-json\/wp\/v2\/product_cat?post=16667"},{"taxonomy":"product_tag","embeddable":true,"href":"https:\/\/www.agraritaeten-shop.com\/en\/wp-json\/wp\/v2\/product_tag?post=16667"}],"curies":[{"name":"wp","href":"https:\/\/api.w.org\/{rel}","templated":true}]}}