{"id":16680,"date":"2025-05-01T21:31:51","date_gmt":"2025-05-01T19:31:51","guid":{"rendered":"https:\/\/www.agraritaeten-shop.com\/?post_type=product&#038;p=16680"},"modified":"2025-05-22T23:06:06","modified_gmt":"2025-05-22T21:06:06","slug":"hoellmoser-prospekt-vakuumfass-u-guellemixer-maraton-3","status":"publish","type":"product","link":"https:\/\/www.agraritaeten-shop.com\/en\/shop\/prospekte\/sonstige-prospekte\/hoellmoser-prospekt-vakuumfass-u-guellemixer-maraton-3\/","title":{"rendered":"H\u00d6LLMOSER Prospekt Vakuumfa\u00df u. G\u00fcllemixer &#8222;Maraton&#8220;"},"content":{"rendered":"<h1><strong><span style=\"font-size: 100%;\">original <\/span>brochure<br \/>\n<\/strong><\/h1>\n<h2>Josef H\u00d6LLMOSER<br \/>\nVakuumfa\u00df, G\u00fcllemixer<br \/>\nFahrzeug- und Maschinenbau, \u00d6sterreich<\/h2>\n<ul>\n<li>A4 format<\/li>\n<li>4 pages<\/li>\n<li>German<\/li>\n<li>punched<\/li>\n<li>used<\/li>\n<li>very good condition<\/li>\n<li>100% original<\/li>\n<\/ul>","protected":false},"excerpt":{"rendered":"<p>original Prospekt Josef H\u00d6LLMOSER Vakuumfa\u00df, G\u00fcllemixer Fahrzeug- und Maschinenbau, \u00d6sterreich A4 Format 4 Seiten Deutsch gelocht gebraucht sehr guter Zustand 100% original<\/p>","protected":false},"featured_media":16602,"template":"","meta":[],"product_brand":[],"product_cat":[45,123,132],"product_tag":[931,186,1687],"class_list":{"0":"post-16680","1":"product","2":"type-product","3":"status-publish","4":"has-post-thumbnail","6":"product_cat-prospekte","7":"product_cat-sonstige","8":"product_cat-sonstige-prospekte","9":"product_tag-guellemixer","10":"product_tag-prospekt","11":"product_tag-vakuumfass","13":"first","14":"outofstock","15":"shipping-taxable","16":"purchasable","17":"product-type-simple"},"_links":{"self":[{"href":"https:\/\/www.agraritaeten-shop.com\/en\/wp-json\/wp\/v2\/product\/16680","targetHints":{"allow":["GET"]}}],"collection":[{"href":"https:\/\/www.agraritaeten-shop.com\/en\/wp-json\/wp\/v2\/product"}],"about":[{"href":"https:\/\/www.agraritaeten-shop.com\/en\/wp-json\/wp\/v2\/types\/product"}],"wp:featuredmedia":[{"embeddable":true,"href":"https:\/\/www.agraritaeten-shop.com\/en\/wp-json\/wp\/v2\/media\/16602"}],"wp:attachment":[{"href":"https:\/\/www.agraritaeten-shop.com\/en\/wp-json\/wp\/v2\/media?parent=16680"}],"wp:term":[{"taxonomy":"product_brand","embeddable":true,"href":"https:\/\/www.agraritaeten-shop.com\/en\/wp-json\/wp\/v2\/product_brand?post=16680"},{"taxonomy":"product_cat","embeddable":true,"href":"https:\/\/www.agraritaeten-shop.com\/en\/wp-json\/wp\/v2\/product_cat?post=16680"},{"taxonomy":"product_tag","embeddable":true,"href":"https:\/\/www.agraritaeten-shop.com\/en\/wp-json\/wp\/v2\/product_tag?post=16680"}],"curies":[{"name":"wp","href":"https:\/\/api.w.org\/{rel}","templated":true}]}}