{"id":16685,"date":"2025-05-03T22:07:05","date_gmt":"2025-05-03T20:07:05","guid":{"rendered":"https:\/\/www.agraritaeten-shop.com\/?post_type=product&#038;p=16685"},"modified":"2026-03-01T22:37:41","modified_gmt":"2026-03-01T21:37:41","slug":"david-brown-prospekt-traktor-25","status":"publish","type":"product","link":"https:\/\/www.agraritaeten-shop.com\/en\/shop\/prospekte\/prospekte-david-brown\/david-brown-prospekt-traktor-25\/","title":{"rendered":"DAVID BROWN Prospekt Traktor 25"},"content":{"rendered":"<h1><strong>original brochure<br \/>\n<\/strong><\/h1>\n<h2>DAVID BROWN Traktor 25<\/h2>\n<ul>\n<li>approx. A4 Format<\/li>\n<li>fold-out to 4 times its original size (A2 format)<\/li>\n<li><strong>ENGLISH<\/strong>!<\/li>\n<li>punched<\/li>\n<li>used<\/li>\n<li>title page detached from the rest, but fully intact and in good condition<\/li>\n<li>100% original<\/li>\n<li>Print No.: <em>DBT.294 D.5403<\/em><\/li>\n<\/ul>","protected":false},"excerpt":{"rendered":"<p>original Prospekt DAVID BROWN Traktor 25 ca. A4 Format ausklappbar zur 4fachen Gr\u00f6\u00dfe (A2 Format) ENGLISCH! gelocht gebraucht Titelseite ist abgetrennt vom Rest, aber vollst\u00e4ndig erhalten und auch guter Zustand 100% original DruckNr. DBT.294 D.5403<\/p>","protected":false},"featured_media":16458,"template":"","meta":[],"product_brand":[],"product_cat":[578,577,45],"product_tag":[579,186,188],"class_list":{"0":"post-16685","1":"product","2":"type-product","3":"status-publish","4":"has-post-thumbnail","6":"product_cat-prospekte-david-brown","7":"product_cat-david-brown","8":"product_cat-prospekte","9":"product_tag-david-brown","10":"product_tag-prospekt","11":"product_tag-traktor","13":"first","14":"instock","15":"shipping-taxable","16":"purchasable","17":"product-type-simple"},"_links":{"self":[{"href":"https:\/\/www.agraritaeten-shop.com\/en\/wp-json\/wp\/v2\/product\/16685","targetHints":{"allow":["GET"]}}],"collection":[{"href":"https:\/\/www.agraritaeten-shop.com\/en\/wp-json\/wp\/v2\/product"}],"about":[{"href":"https:\/\/www.agraritaeten-shop.com\/en\/wp-json\/wp\/v2\/types\/product"}],"wp:featuredmedia":[{"embeddable":true,"href":"https:\/\/www.agraritaeten-shop.com\/en\/wp-json\/wp\/v2\/media\/16458"}],"wp:attachment":[{"href":"https:\/\/www.agraritaeten-shop.com\/en\/wp-json\/wp\/v2\/media?parent=16685"}],"wp:term":[{"taxonomy":"product_brand","embeddable":true,"href":"https:\/\/www.agraritaeten-shop.com\/en\/wp-json\/wp\/v2\/product_brand?post=16685"},{"taxonomy":"product_cat","embeddable":true,"href":"https:\/\/www.agraritaeten-shop.com\/en\/wp-json\/wp\/v2\/product_cat?post=16685"},{"taxonomy":"product_tag","embeddable":true,"href":"https:\/\/www.agraritaeten-shop.com\/en\/wp-json\/wp\/v2\/product_tag?post=16685"}],"curies":[{"name":"wp","href":"https:\/\/api.w.org\/{rel}","templated":true}]}}