{"id":16805,"date":"2025-05-15T17:51:28","date_gmt":"2025-05-15T15:51:28","guid":{"rendered":"https:\/\/www.agraritaeten-shop.com\/?post_type=product&#038;p=16805"},"modified":"2026-03-01T22:11:31","modified_gmt":"2026-03-01T21:11:31","slug":"hoelz-prospekt-fass-fuer-fluessigmist-2","status":"publish","type":"product","link":"https:\/\/www.agraritaeten-shop.com\/en\/shop\/prospekte\/sonstige-prospekte\/hoelz-prospekt-fass-fuer-fluessigmist-2\/","title":{"rendered":"H\u00d6LZ Prospekt Fa\u00df f\u00fcr Fl\u00fcssigmist"},"content":{"rendered":"<h1><strong>original brochure<\/strong><\/h1>\n<h1>Maschinenfabrik A. H\u00d6LZ<br \/>\nFa\u00df f\u00fcr Fl\u00fcssigmist<\/h1>\n<ul>\n<li>A4 format<\/li>\n<li>4 pages<\/li>\n<li>German<\/li>\n<li>not punched<\/li>\n<li>used<\/li>\n<li>very good condition<\/li>\n<li>100% original<\/li>\n<li>Print No.: <em>2.65-5000<\/em><\/li>\n<\/ul>","protected":false},"excerpt":{"rendered":"<p>original Prospekt Maschinenfabrik A. H\u00d6LZ Fa\u00df f\u00fcr Fl\u00fcssigmist A4 Format 4 Seiten Deutsch nicht gelocht gebraucht sehr guter Zustand 100% original DruckNr. 2.65-5000<\/p>","protected":false},"featured_media":16793,"template":"","meta":[],"product_brand":[],"product_cat":[45,123,132],"product_tag":[1378,1377,1375,186],"class_list":{"0":"post-16805","1":"product","2":"type-product","3":"status-publish","4":"has-post-thumbnail","6":"product_cat-prospekte","7":"product_cat-sonstige","8":"product_cat-sonstige-prospekte","9":"product_tag-fass","10":"product_tag-fluessigmist","11":"product_tag-hoelz","12":"product_tag-prospekt","14":"first","15":"instock","16":"shipping-taxable","17":"purchasable","18":"product-type-simple"},"_links":{"self":[{"href":"https:\/\/www.agraritaeten-shop.com\/en\/wp-json\/wp\/v2\/product\/16805","targetHints":{"allow":["GET"]}}],"collection":[{"href":"https:\/\/www.agraritaeten-shop.com\/en\/wp-json\/wp\/v2\/product"}],"about":[{"href":"https:\/\/www.agraritaeten-shop.com\/en\/wp-json\/wp\/v2\/types\/product"}],"wp:featuredmedia":[{"embeddable":true,"href":"https:\/\/www.agraritaeten-shop.com\/en\/wp-json\/wp\/v2\/media\/16793"}],"wp:attachment":[{"href":"https:\/\/www.agraritaeten-shop.com\/en\/wp-json\/wp\/v2\/media?parent=16805"}],"wp:term":[{"taxonomy":"product_brand","embeddable":true,"href":"https:\/\/www.agraritaeten-shop.com\/en\/wp-json\/wp\/v2\/product_brand?post=16805"},{"taxonomy":"product_cat","embeddable":true,"href":"https:\/\/www.agraritaeten-shop.com\/en\/wp-json\/wp\/v2\/product_cat?post=16805"},{"taxonomy":"product_tag","embeddable":true,"href":"https:\/\/www.agraritaeten-shop.com\/en\/wp-json\/wp\/v2\/product_tag?post=16805"}],"curies":[{"name":"wp","href":"https:\/\/api.w.org\/{rel}","templated":true}]}}