{"id":1682,"date":"2024-01-06T06:12:00","date_gmt":"2024-01-06T05:12:00","guid":{"rendered":"https:\/\/www.agraritaeten-shop.com\/?post_type=product&#038;p=1682"},"modified":"2026-04-04T21:33:45","modified_gmt":"2026-04-04T19:33:45","slug":"steyr-reparaturhandbuch-traktor-190","status":"publish","type":"product","link":"https:\/\/www.agraritaeten-shop.com\/en\/shop\/handbuecher\/handbuecher-traktoren\/steyr-reparaturhandbuch-traktor-190\/","title":{"rendered":"STEYR Reparaturhandbuch Traktor 190"},"content":{"rendered":"<h1><strong>original Reparaturhandbuch<br \/>\n<\/strong><\/h1>\n<h2>f\u00fcr STEYR Diesel-Traktor Typenreihe 190<\/h2>\n<ul>\n<li>A4 format<\/li>\n<li><em>172<\/em> pages<\/li>\n<li>German<\/li>\n<li>used<\/li>\n<li>heavily worn<\/li>\n<li>Urspr\u00fcnglich in einer Mapp, diese fehlt aber<\/li>\n<li>but otherwise complete<\/li>\n<li>100% original<\/li>\n<\/ul>","protected":false},"excerpt":{"rendered":"<p>original Reparaturhandbuch f\u00fcr STEYR Diesel-Traktor Typenreihe 190 A4 Format 172 Seiten Deutsch gebraucht sehr abgegriffen, Urspr\u00fcnglich in einer Mapp, diese fehlt aber ansonsten aber vollst\u00e4ndig 100% original<\/p>","protected":false},"featured_media":1660,"template":"","meta":[],"product_brand":[],"product_cat":[18,53,49],"product_tag":[],"class_list":{"0":"post-1682","1":"product","2":"type-product","3":"status-publish","4":"has-post-thumbnail","6":"product_cat-handbuecher","7":"product_cat-steyr","8":"product_cat-handbuecher-traktoren","10":"first","11":"instock","12":"shipping-taxable","13":"purchasable","14":"product-type-simple"},"_links":{"self":[{"href":"https:\/\/www.agraritaeten-shop.com\/en\/wp-json\/wp\/v2\/product\/1682","targetHints":{"allow":["GET"]}}],"collection":[{"href":"https:\/\/www.agraritaeten-shop.com\/en\/wp-json\/wp\/v2\/product"}],"about":[{"href":"https:\/\/www.agraritaeten-shop.com\/en\/wp-json\/wp\/v2\/types\/product"}],"wp:featuredmedia":[{"embeddable":true,"href":"https:\/\/www.agraritaeten-shop.com\/en\/wp-json\/wp\/v2\/media\/1660"}],"wp:attachment":[{"href":"https:\/\/www.agraritaeten-shop.com\/en\/wp-json\/wp\/v2\/media?parent=1682"}],"wp:term":[{"taxonomy":"product_brand","embeddable":true,"href":"https:\/\/www.agraritaeten-shop.com\/en\/wp-json\/wp\/v2\/product_brand?post=1682"},{"taxonomy":"product_cat","embeddable":true,"href":"https:\/\/www.agraritaeten-shop.com\/en\/wp-json\/wp\/v2\/product_cat?post=1682"},{"taxonomy":"product_tag","embeddable":true,"href":"https:\/\/www.agraritaeten-shop.com\/en\/wp-json\/wp\/v2\/product_tag?post=1682"}],"curies":[{"name":"wp","href":"https:\/\/api.w.org\/{rel}","templated":true}]}}