{"id":16956,"date":"2025-06-03T16:14:39","date_gmt":"2025-06-03T14:14:39","guid":{"rendered":"https:\/\/www.agraritaeten-shop.com\/?post_type=product&#038;p=16956"},"modified":"2026-03-01T17:51:38","modified_gmt":"2026-03-01T16:51:38","slug":"heber-prospekt-foerderer","status":"publish","type":"product","link":"https:\/\/www.agraritaeten-shop.com\/en\/shop\/prospekte\/sonstige-prospekte\/heber-prospekt-foerderer\/","title":{"rendered":"HEBER Prospekt F\u00f6rderer"},"content":{"rendered":"<h1><strong>original brochure<br \/>\n<\/strong><\/h1>\n<h2>HEBER F\u00f6rderer<br \/>\n<span style=\"font-size: 75%;\">Steilf\u00f6rderer, Zweikettenf\u00f6rderer, Dung- und Kleinf\u00f6rderer, Gebl\u00e4seh\u00e4cksler<\/span><br \/>\n<span style=\"font-size: 75%;\">H\u00e4ckselgebl\u00e4se, Einbau-F\u00f6rderanlagen, Fahrkarren, F\u00f6rderer f\u00fcr S\u00e4cke<\/span><\/h2>\n<ul>\n<li>approx. A4 Format<\/li>\n<li>1 sheet, printed on both sides<\/li>\n<li>German<\/li>\n<li>punched<\/li>\n<li>folded in the middle<\/li>\n<li>used<\/li>\n<li>heavy signs of use and tears at the edges<\/li>\n<li>100% original<\/li>\n<li>Print No.: <em>253<\/em><\/li>\n<\/ul>","protected":false},"excerpt":{"rendered":"<p>original Prospekt HEBER F\u00f6rderer Steilf\u00f6rderer, Zweikettenf\u00f6rderer, Dung- und Kleinf\u00f6rderer, Gebl\u00e4seh\u00e4cksler H\u00e4ckselgebl\u00e4se, Einbau-F\u00f6rderanlagen, Fahrkarren, F\u00f6rderer f\u00fcr S\u00e4cke ca. A4 Format 1 Blatt, beidseitig bedruckt Deutsch gelocht in der Mitte geknickt gebraucht gr\u00f6bere Gebrauchsspuren und Risse an den Kanten 100% original DruckNr. 253<\/p>","protected":false},"featured_media":16907,"template":"","meta":[],"product_brand":[],"product_cat":[45,123,132],"product_tag":[1792,2382,186],"class_list":{"0":"post-16956","1":"product","2":"type-product","3":"status-publish","4":"has-post-thumbnail","6":"product_cat-prospekte","7":"product_cat-sonstige","8":"product_cat-sonstige-prospekte","9":"product_tag-foerderer","10":"product_tag-heber","11":"product_tag-prospekt","13":"first","14":"instock","15":"shipping-taxable","16":"purchasable","17":"product-type-simple"},"_links":{"self":[{"href":"https:\/\/www.agraritaeten-shop.com\/en\/wp-json\/wp\/v2\/product\/16956","targetHints":{"allow":["GET"]}}],"collection":[{"href":"https:\/\/www.agraritaeten-shop.com\/en\/wp-json\/wp\/v2\/product"}],"about":[{"href":"https:\/\/www.agraritaeten-shop.com\/en\/wp-json\/wp\/v2\/types\/product"}],"wp:featuredmedia":[{"embeddable":true,"href":"https:\/\/www.agraritaeten-shop.com\/en\/wp-json\/wp\/v2\/media\/16907"}],"wp:attachment":[{"href":"https:\/\/www.agraritaeten-shop.com\/en\/wp-json\/wp\/v2\/media?parent=16956"}],"wp:term":[{"taxonomy":"product_brand","embeddable":true,"href":"https:\/\/www.agraritaeten-shop.com\/en\/wp-json\/wp\/v2\/product_brand?post=16956"},{"taxonomy":"product_cat","embeddable":true,"href":"https:\/\/www.agraritaeten-shop.com\/en\/wp-json\/wp\/v2\/product_cat?post=16956"},{"taxonomy":"product_tag","embeddable":true,"href":"https:\/\/www.agraritaeten-shop.com\/en\/wp-json\/wp\/v2\/product_tag?post=16956"}],"curies":[{"name":"wp","href":"https:\/\/api.w.org\/{rel}","templated":true}]}}