{"id":17039,"date":"2025-05-25T13:19:18","date_gmt":"2025-05-25T11:19:18","guid":{"rendered":"https:\/\/www.agraritaeten-shop.com\/?post_type=product&#038;p=17039"},"modified":"2026-03-01T21:01:59","modified_gmt":"2026-03-01T20:01:59","slug":"rivierre-casalis-prospekt-info-broschuere-futterente","status":"publish","type":"product","link":"https:\/\/www.agraritaeten-shop.com\/en\/shop\/prospekte\/sonstige-prospekte\/rivierre-casalis-prospekt-info-broschuere-futterente\/","title":{"rendered":"RIVIERRE-CASALIS Prospekt Info-Brosch\u00fcre Futterente"},"content":{"rendered":"<h1><strong>original brochure<br \/>\n<\/strong><\/h1>\n<h2>RIVIERRE-CASALIS<br \/>\nInfo-Brosch\u00fcre Futterente<\/h2>\n<ul>\n<li>approx. A4 Format<\/li>\n<li>20 pages (plus 10 sheets in German, typewritten, presumably the translation)<\/li>\n<li><strong>FRENCH<\/strong>!<\/li>\n<li>punched<\/li>\n<li>used<\/li>\n<li>good condition<\/li>\n<li>100% original<\/li>\n<li>Print No.: <em>6311<\/em><\/li>\n<li>Date Stamp: <em>03\/1960<\/em><\/li>\n<\/ul>","protected":false},"excerpt":{"rendered":"<p>original Prospekt RIVIERRE-CASALIS Info-Brosch\u00fcre Futterente ca. A4 Format 20 Seiten (zzgl. 10 Bl\u00e4tter auf Deutsch mit Maschine getippt, vermutlich die \u00dcbersetzung) FRANZ\u00d6SISCH! gelocht gebraucht guter Zustand 100% original DruckNr. 6311 Datums-Stempel: 03\/1960<\/p>","protected":false},"featured_media":16913,"template":"","meta":[],"product_brand":[],"product_cat":[45,123,132],"product_tag":[2436,1103,1463,262,186,2435,2423],"class_list":{"0":"post-17039","1":"product","2":"type-product","3":"status-publish","4":"has-post-thumbnail","6":"product_cat-prospekte","7":"product_cat-sonstige","8":"product_cat-sonstige-prospekte","9":"product_tag-casalis","10":"product_tag-drescher","11":"product_tag-futterernte","12":"product_tag-maeher","13":"product_tag-prospekt","14":"product_tag-rivierre","15":"product_tag-rivierre-casalis","17":"first","18":"instock","19":"shipping-taxable","20":"purchasable","21":"product-type-simple"},"_links":{"self":[{"href":"https:\/\/www.agraritaeten-shop.com\/en\/wp-json\/wp\/v2\/product\/17039","targetHints":{"allow":["GET"]}}],"collection":[{"href":"https:\/\/www.agraritaeten-shop.com\/en\/wp-json\/wp\/v2\/product"}],"about":[{"href":"https:\/\/www.agraritaeten-shop.com\/en\/wp-json\/wp\/v2\/types\/product"}],"wp:featuredmedia":[{"embeddable":true,"href":"https:\/\/www.agraritaeten-shop.com\/en\/wp-json\/wp\/v2\/media\/16913"}],"wp:attachment":[{"href":"https:\/\/www.agraritaeten-shop.com\/en\/wp-json\/wp\/v2\/media?parent=17039"}],"wp:term":[{"taxonomy":"product_brand","embeddable":true,"href":"https:\/\/www.agraritaeten-shop.com\/en\/wp-json\/wp\/v2\/product_brand?post=17039"},{"taxonomy":"product_cat","embeddable":true,"href":"https:\/\/www.agraritaeten-shop.com\/en\/wp-json\/wp\/v2\/product_cat?post=17039"},{"taxonomy":"product_tag","embeddable":true,"href":"https:\/\/www.agraritaeten-shop.com\/en\/wp-json\/wp\/v2\/product_tag?post=17039"}],"curies":[{"name":"wp","href":"https:\/\/api.w.org\/{rel}","templated":true}]}}