{"id":17268,"date":"2025-06-26T20:47:17","date_gmt":"2025-06-26T18:47:17","guid":{"rendered":"https:\/\/www.agraritaeten-shop.com\/?post_type=product&#038;p=17268"},"modified":"2025-05-28T13:33:34","modified_gmt":"2025-05-28T11:33:34","slug":"kahlbacherer-prospekt-schneepfluege-fuer-lkw-unimog-u-traktoren-3","status":"publish","type":"product","link":"https:\/\/www.agraritaeten-shop.com\/en\/shop\/prospekte\/sonstige-prospekte\/kahlbacherer-prospekt-schneepfluege-fuer-lkw-unimog-u-traktoren-3\/","title":{"rendered":"KAHLBACHERER Prospekt Schneepfl\u00fcge f\u00fcr LKW, Unimog u. Traktoren"},"content":{"rendered":"<h1><strong>original brochure<br \/>\n<\/strong><\/h1>\n<h2>Toni KAHLBACHERER, Kitzb\u00fchel\/Tirol<br \/>\n<span style=\"font-size: 75%;\">Maschinenbau, Erzeugung von Winterdienstger\u00e4ten<\/span><br \/>\nSchneepfl\u00fcge f\u00fcr LKW, Unimog u. Traktoren<\/h2>\n<ul>\n<li>A4 format<\/li>\n<li>8 pages, fold-out to A2 format<\/li>\n<li>German<\/li>\n<li>not punched<\/li>\n<li>used<\/li>\n<li>very good condition<\/li>\n<li>100% original<\/li>\n<\/ul>","protected":false},"excerpt":{"rendered":"<p>original Prospekt Toni KAHLBACHERER, Kitzb\u00fchel\/Tirol Maschinenbau, Erzeugung von Winterdienstger\u00e4ten Schneepfl\u00fcge f\u00fcr LKW, Unimog u. Traktoren A4 Format 8 Seiten ausklappbar zum A2 Format Deutsch nicht gelocht gebraucht sehr guter Zustand 100% original<\/p>","protected":false},"featured_media":17205,"template":"","meta":[],"product_brand":[],"product_cat":[45,123,132,53,115],"product_tag":[1916,186,944,1918,1917,306,188],"class_list":{"0":"post-17268","1":"product","2":"type-product","3":"status-publish","4":"has-post-thumbnail","6":"product_cat-prospekte","7":"product_cat-sonstige","8":"product_cat-sonstige-prospekte","9":"product_cat-steyr","10":"product_cat-prospekt-steyr","11":"product_tag-kahlbacherer","12":"product_tag-prospekt","13":"product_tag-schneefraese","14":"product_tag-schneepflug","15":"product_tag-schneeraeumgeraete","16":"product_tag-steyr","17":"product_tag-traktor","19":"first","20":"instock","21":"shipping-taxable","22":"purchasable","23":"product-type-simple"},"_links":{"self":[{"href":"https:\/\/www.agraritaeten-shop.com\/en\/wp-json\/wp\/v2\/product\/17268","targetHints":{"allow":["GET"]}}],"collection":[{"href":"https:\/\/www.agraritaeten-shop.com\/en\/wp-json\/wp\/v2\/product"}],"about":[{"href":"https:\/\/www.agraritaeten-shop.com\/en\/wp-json\/wp\/v2\/types\/product"}],"wp:featuredmedia":[{"embeddable":true,"href":"https:\/\/www.agraritaeten-shop.com\/en\/wp-json\/wp\/v2\/media\/17205"}],"wp:attachment":[{"href":"https:\/\/www.agraritaeten-shop.com\/en\/wp-json\/wp\/v2\/media?parent=17268"}],"wp:term":[{"taxonomy":"product_brand","embeddable":true,"href":"https:\/\/www.agraritaeten-shop.com\/en\/wp-json\/wp\/v2\/product_brand?post=17268"},{"taxonomy":"product_cat","embeddable":true,"href":"https:\/\/www.agraritaeten-shop.com\/en\/wp-json\/wp\/v2\/product_cat?post=17268"},{"taxonomy":"product_tag","embeddable":true,"href":"https:\/\/www.agraritaeten-shop.com\/en\/wp-json\/wp\/v2\/product_tag?post=17268"}],"curies":[{"name":"wp","href":"https:\/\/api.w.org\/{rel}","templated":true}]}}