{"id":17297,"date":"2025-05-30T15:52:58","date_gmt":"2025-05-30T13:52:58","guid":{"rendered":"https:\/\/www.agraritaeten-shop.com\/?post_type=product&#038;p=17297"},"modified":"2025-08-27T08:58:10","modified_gmt":"2025-08-27T06:58:10","slug":"kalinke-prospekt-kommunalgeraetetraeger-aebi-terratrac","status":"publish","type":"product","link":"https:\/\/www.agraritaeten-shop.com\/en\/shop\/prospekte\/aebi-prospekt\/kalinke-prospekt-kommunalgeraetetraeger-aebi-terratrac\/","title":{"rendered":"KALINKE Prospekt Kommunalger\u00e4tetr\u00e4ger AEBI Terratrac"},"content":{"rendered":"<h1><strong>original brochure<br \/>\n<\/strong><\/h1>\n<h2>KALINKE Kommunalger\u00e4tetr\u00e4ger AEBI Terratrac<br \/>\nAEBI Motorm\u00e4her und Kombimaschinen<\/h2>\n<ul>\n<li>A4 format<\/li>\n<li>4 pages<\/li>\n<li>German<\/li>\n<li>not punched<\/li>\n<li>used<\/li>\n<li>good condition<\/li>\n<li>100% original<\/li>\n<\/ul>","protected":false},"excerpt":{"rendered":"<p>original Prospekt KALINKE Kommunalger\u00e4tetr\u00e4ger AEBI Terratrac AEBI Motorm\u00e4her und Kombimaschinen A4 Format 4 Seiten Deutsch nicht gelocht gebraucht guter Zustand 100% original<\/p>","protected":false},"featured_media":17204,"template":"","meta":[],"product_brand":[],"product_cat":[2015,2019,45,83,123],"product_tag":[1288,665,1961,489,366,186],"class_list":{"0":"post-17297","1":"product","2":"type-product","3":"status-publish","4":"has-post-thumbnail","6":"product_cat-aebi","7":"product_cat-aebi-prospekt","8":"product_cat-prospekte","9":"product_cat-betriebsanleitungen_sonstige","10":"product_cat-sonstige","11":"product_tag-aebi","12":"product_tag-geraetetraeger","13":"product_tag-kalinke","14":"product_tag-kommunal","15":"product_tag-motormaeher","16":"product_tag-prospekt","18":"first","19":"instock","20":"shipping-taxable","21":"purchasable","22":"product-type-simple"},"_links":{"self":[{"href":"https:\/\/www.agraritaeten-shop.com\/en\/wp-json\/wp\/v2\/product\/17297","targetHints":{"allow":["GET"]}}],"collection":[{"href":"https:\/\/www.agraritaeten-shop.com\/en\/wp-json\/wp\/v2\/product"}],"about":[{"href":"https:\/\/www.agraritaeten-shop.com\/en\/wp-json\/wp\/v2\/types\/product"}],"wp:featuredmedia":[{"embeddable":true,"href":"https:\/\/www.agraritaeten-shop.com\/en\/wp-json\/wp\/v2\/media\/17204"}],"wp:attachment":[{"href":"https:\/\/www.agraritaeten-shop.com\/en\/wp-json\/wp\/v2\/media?parent=17297"}],"wp:term":[{"taxonomy":"product_brand","embeddable":true,"href":"https:\/\/www.agraritaeten-shop.com\/en\/wp-json\/wp\/v2\/product_brand?post=17297"},{"taxonomy":"product_cat","embeddable":true,"href":"https:\/\/www.agraritaeten-shop.com\/en\/wp-json\/wp\/v2\/product_cat?post=17297"},{"taxonomy":"product_tag","embeddable":true,"href":"https:\/\/www.agraritaeten-shop.com\/en\/wp-json\/wp\/v2\/product_tag?post=17297"}],"curies":[{"name":"wp","href":"https:\/\/api.w.org\/{rel}","templated":true}]}}