{"id":17320,"date":"2025-06-24T20:10:20","date_gmt":"2025-06-24T18:10:20","guid":{"rendered":"https:\/\/www.agraritaeten-shop.com\/?post_type=product&#038;p=17320"},"modified":"2025-06-24T20:12:04","modified_gmt":"2025-06-24T18:12:04","slug":"jacobsen-mariba-prospekt-motor-rasenmaeher-johnston","status":"publish","type":"product","link":"https:\/\/www.agraritaeten-shop.com\/en\/shop\/prospekte\/sonstige-prospekte\/jacobsen-mariba-prospekt-motor-rasenmaeher-johnston\/","title":{"rendered":"JACOBSEN MARIBA Prospekt Motor-Rasenm\u00e4her &#8222;JOHNSTON&#8220;"},"content":{"rendered":"<h1><strong>original brochure<br \/>\n<\/strong><\/h1>\n<h2>JACOBSEN MARIBA<br \/>\nMotor-Rasenm\u00e4her &#8222;JOHNSTON&#8220;<\/h2>\n<ul>\n<li>approx. 8cm x 16cm<\/li>\n<li>fold-out along the length to 6 times its original size<\/li>\n<li>German<\/li>\n<li>not punched<\/li>\n<li>used<\/li>\n<li>very good condition<\/li>\n<li>100% original<\/li>\n<\/ul>","protected":false},"excerpt":{"rendered":"<p>original Prospekt JACOBSEN MARIBA Motor-Rasenm\u00e4her &#8222;JOHNSTON&#8220; ca. 8cm x 16cm der L\u00e4nge nach ausklappbar zur 6fachen Gr\u00f6\u00dfe Deutsch nicht gelocht gebraucht sehr guter Zustand 100% original<\/p>","protected":false},"featured_media":17251,"template":"","meta":[],"product_brand":[],"product_cat":[45,123,132],"product_tag":[844,2630,2629,186,357],"class_list":{"0":"post-17320","1":"product","2":"type-product","3":"status-publish","4":"has-post-thumbnail","6":"product_cat-prospekte","7":"product_cat-sonstige","8":"product_cat-sonstige-prospekte","9":"product_tag-jacobsen","10":"product_tag-johnston","11":"product_tag-mariba","12":"product_tag-prospekt","13":"product_tag-rasenmaeher","15":"first","16":"instock","17":"shipping-taxable","18":"purchasable","19":"product-type-simple"},"_links":{"self":[{"href":"https:\/\/www.agraritaeten-shop.com\/en\/wp-json\/wp\/v2\/product\/17320","targetHints":{"allow":["GET"]}}],"collection":[{"href":"https:\/\/www.agraritaeten-shop.com\/en\/wp-json\/wp\/v2\/product"}],"about":[{"href":"https:\/\/www.agraritaeten-shop.com\/en\/wp-json\/wp\/v2\/types\/product"}],"wp:featuredmedia":[{"embeddable":true,"href":"https:\/\/www.agraritaeten-shop.com\/en\/wp-json\/wp\/v2\/media\/17251"}],"wp:attachment":[{"href":"https:\/\/www.agraritaeten-shop.com\/en\/wp-json\/wp\/v2\/media?parent=17320"}],"wp:term":[{"taxonomy":"product_brand","embeddable":true,"href":"https:\/\/www.agraritaeten-shop.com\/en\/wp-json\/wp\/v2\/product_brand?post=17320"},{"taxonomy":"product_cat","embeddable":true,"href":"https:\/\/www.agraritaeten-shop.com\/en\/wp-json\/wp\/v2\/product_cat?post=17320"},{"taxonomy":"product_tag","embeddable":true,"href":"https:\/\/www.agraritaeten-shop.com\/en\/wp-json\/wp\/v2\/product_tag?post=17320"}],"curies":[{"name":"wp","href":"https:\/\/api.w.org\/{rel}","templated":true}]}}