{"id":17395,"date":"2025-06-01T12:43:02","date_gmt":"2025-06-01T10:43:02","guid":{"rendered":"https:\/\/www.agraritaeten-shop.com\/?post_type=product&#038;p=17395"},"modified":"2025-06-01T13:12:53","modified_gmt":"2025-06-01T11:12:53","slug":"k-mueller-prospekt-langholzanhaenger","status":"publish","type":"product","link":"https:\/\/www.agraritaeten-shop.com\/en\/shop\/prospekte\/prospekte_mercedes-unimog\/k-mueller-prospekt-langholzanhaenger\/","title":{"rendered":"K. M\u00dcLLER Prospekt Langholzanh\u00e4nger"},"content":{"rendered":"<h1><strong>original brochure<br \/>\n<\/strong><\/h1>\n<h2><span style=\"font-family: Arial;\">M\u00dcLLER Langholzanh\u00e4nger<br \/>\n<\/span>Karl M\u00fcller Fahrzeugfabrik, Mitteltal<\/h2>\n<ul>\n<li>A4 landscape format<\/li>\n<li>4 pages<\/li>\n<li>German<\/li>\n<li>punched<\/li>\n<li>used<\/li>\n<li>very good condition<\/li>\n<li>100% original<\/li>\n<li>DruckNr. 20 66<\/li>\n<\/ul>","protected":false},"excerpt":{"rendered":"<p>original Prospekt M\u00dcLLER Langholzanh\u00e4nger Karl M\u00fcller Fahrzeugfabrik, Mitteltal A4 Querformat 4 Seiten Deutsch gelocht gebraucht sehr guter Zustand 100% original DruckNr. 20 66<\/p>","protected":false},"featured_media":17344,"template":"","meta":[],"product_brand":[],"product_cat":[190,134,45,123,132],"product_tag":[767,307,1675,186],"class_list":{"0":"post-17395","1":"product","2":"type-product","3":"status-publish","4":"has-post-thumbnail","6":"product_cat-prospekte_mercedes-unimog","7":"product_cat-mercedes_unimog","8":"product_cat-prospekte","9":"product_cat-sonstige","10":"product_cat-sonstige-prospekte","11":"product_tag-anhaenger","12":"product_tag-ladewagen","13":"product_tag-mueller","14":"product_tag-prospekt","16":"first","17":"outofstock","18":"shipping-taxable","19":"purchasable","20":"product-type-simple"},"_links":{"self":[{"href":"https:\/\/www.agraritaeten-shop.com\/en\/wp-json\/wp\/v2\/product\/17395","targetHints":{"allow":["GET"]}}],"collection":[{"href":"https:\/\/www.agraritaeten-shop.com\/en\/wp-json\/wp\/v2\/product"}],"about":[{"href":"https:\/\/www.agraritaeten-shop.com\/en\/wp-json\/wp\/v2\/types\/product"}],"wp:featuredmedia":[{"embeddable":true,"href":"https:\/\/www.agraritaeten-shop.com\/en\/wp-json\/wp\/v2\/media\/17344"}],"wp:attachment":[{"href":"https:\/\/www.agraritaeten-shop.com\/en\/wp-json\/wp\/v2\/media?parent=17395"}],"wp:term":[{"taxonomy":"product_brand","embeddable":true,"href":"https:\/\/www.agraritaeten-shop.com\/en\/wp-json\/wp\/v2\/product_brand?post=17395"},{"taxonomy":"product_cat","embeddable":true,"href":"https:\/\/www.agraritaeten-shop.com\/en\/wp-json\/wp\/v2\/product_cat?post=17395"},{"taxonomy":"product_tag","embeddable":true,"href":"https:\/\/www.agraritaeten-shop.com\/en\/wp-json\/wp\/v2\/product_tag?post=17395"}],"curies":[{"name":"wp","href":"https:\/\/api.w.org\/{rel}","templated":true}]}}