{"id":17409,"date":"2025-06-10T18:32:29","date_gmt":"2025-06-10T16:32:29","guid":{"rendered":"https:\/\/www.agraritaeten-shop.com\/?post_type=product&#038;p=17409"},"modified":"2026-03-01T17:23:30","modified_gmt":"2026-03-01T16:23:30","slug":"ursus-prospekt-traktor-c-335-unvollstaendig","status":"publish","type":"product","link":"https:\/\/www.agraritaeten-shop.com\/en\/shop\/prospekte\/sonstige-prospekte\/ursus-prospekt-traktor-c-335-unvollstaendig\/","title":{"rendered":"URSUS Prospekt Traktor C-335 (INCOMPLETE!)"},"content":{"rendered":"<h1><strong>original brochure (INCOMPLETE!)<br \/>\n<\/strong><\/h1>\n<h2>URSUS Traktor C-335<\/h2>\n<ul>\n<li>A4 format<\/li>\n<li>4 pages preserved, probably originally consisting of more pages<\/li>\n<li>German<\/li>\n<li>not punched<\/li>\n<li>folded in the middle<\/li>\n<li>used<\/li>\n<li>incomplete, but good condition<\/li>\n<li>100% original<\/li>\n<li>Print No.: <em>WHZ, ZR-02-5247\/68<\/em><\/li>\n<\/ul>","protected":false},"excerpt":{"rendered":"<p>original Prospekt (UNVOLLST\u00c4NDIG!) URSUS Traktor C-335 A4 Format 4 Seiten erhalten, vermutlich aber urspr\u00fcnglich bestehend aus mehr Seiten Deutsch nicht gelocht in der Mitte geknickt gebraucht unvollst\u00e4ndig, aber guter Zustand 100% original DruckNr. WHZ, ZR-02-5247\/68<\/p>","protected":false},"featured_media":17331,"template":"","meta":[],"product_brand":[],"product_cat":[45,132,123],"product_tag":[186,256,188,1253],"class_list":{"0":"post-17409","1":"product","2":"type-product","3":"status-publish","4":"has-post-thumbnail","6":"product_cat-prospekte","7":"product_cat-sonstige-prospekte","8":"product_cat-sonstige","9":"product_tag-prospekt","10":"product_tag-schlepper","11":"product_tag-traktor","12":"product_tag-ursus","14":"first","15":"instock","16":"shipping-taxable","17":"purchasable","18":"product-type-simple"},"_links":{"self":[{"href":"https:\/\/www.agraritaeten-shop.com\/en\/wp-json\/wp\/v2\/product\/17409","targetHints":{"allow":["GET"]}}],"collection":[{"href":"https:\/\/www.agraritaeten-shop.com\/en\/wp-json\/wp\/v2\/product"}],"about":[{"href":"https:\/\/www.agraritaeten-shop.com\/en\/wp-json\/wp\/v2\/types\/product"}],"wp:featuredmedia":[{"embeddable":true,"href":"https:\/\/www.agraritaeten-shop.com\/en\/wp-json\/wp\/v2\/media\/17331"}],"wp:attachment":[{"href":"https:\/\/www.agraritaeten-shop.com\/en\/wp-json\/wp\/v2\/media?parent=17409"}],"wp:term":[{"taxonomy":"product_brand","embeddable":true,"href":"https:\/\/www.agraritaeten-shop.com\/en\/wp-json\/wp\/v2\/product_brand?post=17409"},{"taxonomy":"product_cat","embeddable":true,"href":"https:\/\/www.agraritaeten-shop.com\/en\/wp-json\/wp\/v2\/product_cat?post=17409"},{"taxonomy":"product_tag","embeddable":true,"href":"https:\/\/www.agraritaeten-shop.com\/en\/wp-json\/wp\/v2\/product_tag?post=17409"}],"curies":[{"name":"wp","href":"https:\/\/api.w.org\/{rel}","templated":true}]}}