{"id":17622,"date":"2025-06-08T12:22:12","date_gmt":"2025-06-08T10:22:12","guid":{"rendered":"https:\/\/www.agraritaeten-shop.com\/?post_type=product&#038;p=17622"},"modified":"2025-06-09T06:55:06","modified_gmt":"2025-06-09T04:55:06","slug":"forigo-prospekt-bodenfraesen-grubber-egge","status":"publish","type":"product","link":"https:\/\/www.agraritaeten-shop.com\/en\/shop\/prospekte\/sonstige-prospekte\/forigo-prospekt-bodenfraesen-grubber-egge\/","title":{"rendered":"FORIGO Prospekt Bodenfr\u00e4sen\/Grubber\/Egge"},"content":{"rendered":"<h1><strong>original brochure<br \/>\n<\/strong><\/h1>\n<h2>FORIGO roteritalia<br \/>\nBodenfr\u00e4sen\/Grubber\/Drehegge<\/h2>\n<ul>\n<li>approx. 21cm x 10cm<\/li>\n<li>fold-out downward to 6 times its original size<\/li>\n<li>German, English, Italian, French<\/li>\n<li>punched<\/li>\n<li>used<\/li>\n<li>very good condition<\/li>\n<li>100% original<\/li>\n<li>Datums-Stempel: Nov. 1984<\/li>\n<\/ul>","protected":false},"excerpt":{"rendered":"<p>original Prospekt FORIGO roteritalia Bodenfr\u00e4sen\/Grubber\/Drehegge ca. 21cm x 10cm nach unten ausklappbar zur 6fachen Gr\u00f6\u00dfe Deutsch, Englisch, Italienisch, Franz\u00f6sisch gelocht gebraucht sehr guter Zustand 100% original Datums-Stempel: Nov. 1984<\/p>","protected":false},"featured_media":17557,"template":"","meta":[],"product_brand":[],"product_cat":[45,123,132],"product_tag":[2013,744,2130,745,186],"class_list":{"0":"post-17622","1":"product","2":"type-product","3":"status-publish","4":"has-post-thumbnail","6":"product_cat-prospekte","7":"product_cat-sonstige","8":"product_cat-sonstige-prospekte","9":"product_tag-bodenfraesen","10":"product_tag-eggen","11":"product_tag-forigo","12":"product_tag-grubber","13":"product_tag-prospekt","15":"first","16":"outofstock","17":"shipping-taxable","18":"purchasable","19":"product-type-simple"},"_links":{"self":[{"href":"https:\/\/www.agraritaeten-shop.com\/en\/wp-json\/wp\/v2\/product\/17622","targetHints":{"allow":["GET"]}}],"collection":[{"href":"https:\/\/www.agraritaeten-shop.com\/en\/wp-json\/wp\/v2\/product"}],"about":[{"href":"https:\/\/www.agraritaeten-shop.com\/en\/wp-json\/wp\/v2\/types\/product"}],"wp:featuredmedia":[{"embeddable":true,"href":"https:\/\/www.agraritaeten-shop.com\/en\/wp-json\/wp\/v2\/media\/17557"}],"wp:attachment":[{"href":"https:\/\/www.agraritaeten-shop.com\/en\/wp-json\/wp\/v2\/media?parent=17622"}],"wp:term":[{"taxonomy":"product_brand","embeddable":true,"href":"https:\/\/www.agraritaeten-shop.com\/en\/wp-json\/wp\/v2\/product_brand?post=17622"},{"taxonomy":"product_cat","embeddable":true,"href":"https:\/\/www.agraritaeten-shop.com\/en\/wp-json\/wp\/v2\/product_cat?post=17622"},{"taxonomy":"product_tag","embeddable":true,"href":"https:\/\/www.agraritaeten-shop.com\/en\/wp-json\/wp\/v2\/product_tag?post=17622"}],"curies":[{"name":"wp","href":"https:\/\/api.w.org\/{rel}","templated":true}]}}