{"id":17928,"date":"2025-06-16T21:12:10","date_gmt":"2025-06-16T19:12:10","guid":{"rendered":"https:\/\/www.agraritaeten-shop.com\/?post_type=product&#038;p=17928"},"modified":"2026-03-01T16:51:36","modified_gmt":"2026-03-01T15:51:36","slug":"meierhof-prospekt-hammermuehlen","status":"publish","type":"product","link":"https:\/\/www.agraritaeten-shop.com\/en\/shop\/prospekte\/sonstige-prospekte\/meierhof-prospekt-hammermuehlen\/","title":{"rendered":"MEIERHOF Prospekt Hammerm\u00fchlen"},"content":{"rendered":"<h1><strong>original brochure<br \/>\n<\/strong><\/h1>\n<h2>Maschinenfabrik MEIERHOF Josef Absmeier<br \/>\nHammerm\u00fchlen, Mischanlagen, F\u00f6rderschnecken, F\u00f6rdergebl\u00e4se<\/h2>\n<ul>\n<li>A4 format<\/li>\n<li>Fold-out brochure with 6 pages<\/li>\n<li>German<\/li>\n<li>not punched<\/li>\n<li>used<\/li>\n<li>very good condition<\/li>\n<li>100% original<\/li>\n<li>Date: <em>1.1.71<\/em><\/li>\n<\/ul>","protected":false},"excerpt":{"rendered":"<p>original Prospekt Maschinenfabrik MEIERHOF Josef Absmeier Hammerm\u00fchlen, Mischanlagen, F\u00f6rderschnecken, F\u00f6rdergebl\u00e4se A4 Format 6 Seiten ausklappbar Deutsch nicht gelocht gebraucht sehr guter Zustand 100% original Datum: 1.1.71<\/p>","protected":false},"featured_media":17903,"template":"","meta":[],"product_brand":[],"product_cat":[45,123,132],"product_tag":[2708,1080,1345,229,2707,808,186],"class_list":{"0":"post-17928","1":"product","2":"type-product","3":"status-publish","4":"has-post-thumbnail","6":"product_cat-prospekte","7":"product_cat-sonstige","8":"product_cat-sonstige-prospekte","9":"product_tag-absmeier","10":"product_tag-foerdergeblaese","11":"product_tag-foerderschnecken","12":"product_tag-hammermuehlen","13":"product_tag-meierhof","14":"product_tag-mischanlagen","15":"product_tag-prospekt","17":"first","18":"instock","19":"shipping-taxable","20":"purchasable","21":"product-type-simple"},"_links":{"self":[{"href":"https:\/\/www.agraritaeten-shop.com\/en\/wp-json\/wp\/v2\/product\/17928","targetHints":{"allow":["GET"]}}],"collection":[{"href":"https:\/\/www.agraritaeten-shop.com\/en\/wp-json\/wp\/v2\/product"}],"about":[{"href":"https:\/\/www.agraritaeten-shop.com\/en\/wp-json\/wp\/v2\/types\/product"}],"wp:featuredmedia":[{"embeddable":true,"href":"https:\/\/www.agraritaeten-shop.com\/en\/wp-json\/wp\/v2\/media\/17903"}],"wp:attachment":[{"href":"https:\/\/www.agraritaeten-shop.com\/en\/wp-json\/wp\/v2\/media?parent=17928"}],"wp:term":[{"taxonomy":"product_brand","embeddable":true,"href":"https:\/\/www.agraritaeten-shop.com\/en\/wp-json\/wp\/v2\/product_brand?post=17928"},{"taxonomy":"product_cat","embeddable":true,"href":"https:\/\/www.agraritaeten-shop.com\/en\/wp-json\/wp\/v2\/product_cat?post=17928"},{"taxonomy":"product_tag","embeddable":true,"href":"https:\/\/www.agraritaeten-shop.com\/en\/wp-json\/wp\/v2\/product_tag?post=17928"}],"curies":[{"name":"wp","href":"https:\/\/api.w.org\/{rel}","templated":true}]}}