{"id":18047,"date":"2025-06-17T20:45:49","date_gmt":"2025-06-17T18:45:49","guid":{"rendered":"https:\/\/www.agraritaeten-shop.com\/?post_type=product&#038;p=18047"},"modified":"2025-06-22T18:12:10","modified_gmt":"2025-06-22T16:12:10","slug":"einboeck-prospekt-bodenbearbeitungs-programm-3","status":"publish","type":"product","link":"https:\/\/www.agraritaeten-shop.com\/en\/shop\/prospekte\/sonstige-prospekte\/einboeck-prospekt-bodenbearbeitungs-programm-3\/","title":{"rendered":"EINB\u00d6CK Prospekt Bodenbearbeitungs-Programm"},"content":{"rendered":"<h1><strong>original brochure<br \/>\n<\/strong><\/h1>\n<h2>EINB\u00d6CK Bodenbearbeitungs-Programm<br \/>\n<span style=\"font-size: 75%;\">Saatbettkombinationen, Grubber, Strohstriegel, Hackger\u00e4te, Eins\u00e4ger\u00e4te<\/span><\/h2>\n<ul>\n<li>A4 landscape format<\/li>\n<li>1 sheet, printed on both sides<\/li>\n<li>2x folded<\/li>\n<li>German<\/li>\n<li>not punched<\/li>\n<li>used<\/li>\n<li>very good condition<\/li>\n<li>100% original<\/li>\n<\/ul>","protected":false},"excerpt":{"rendered":"<p>original Prospekt EINB\u00d6CK Bodenbearbeitungs-Programm Saatbettkombinationen, Grubber, Strohstriegel, Hackger\u00e4te, Eins\u00e4ger\u00e4te A4 Querformat 1 Blatt, beidseitig bedruckt 2x geknickt zum Faltprospekt Deutsch nicht gelocht gebraucht sehr guter Zustand 100% original<\/p>","protected":false},"featured_media":18034,"template":"","meta":[],"product_brand":[],"product_cat":[45,123,132],"product_tag":[2730,744,2700,745,2731,2732,2529,1052,303,186],"class_list":{"0":"post-18047","1":"product","2":"type-product","3":"status-publish","4":"has-post-thumbnail","6":"product_cat-prospekte","7":"product_cat-sonstige","8":"product_cat-sonstige-prospekte","9":"product_tag-bodenbearbeitungs","10":"product_tag-eggen","11":"product_tag-einboeck","12":"product_tag-grubber","13":"product_tag-hacken","14":"product_tag-kompostbereiter","15":"product_tag-lockerer","16":"product_tag-packer","17":"product_tag-programm","18":"product_tag-prospekt","20":"first","21":"outofstock","22":"shipping-taxable","23":"purchasable","24":"product-type-simple"},"_links":{"self":[{"href":"https:\/\/www.agraritaeten-shop.com\/en\/wp-json\/wp\/v2\/product\/18047","targetHints":{"allow":["GET"]}}],"collection":[{"href":"https:\/\/www.agraritaeten-shop.com\/en\/wp-json\/wp\/v2\/product"}],"about":[{"href":"https:\/\/www.agraritaeten-shop.com\/en\/wp-json\/wp\/v2\/types\/product"}],"wp:featuredmedia":[{"embeddable":true,"href":"https:\/\/www.agraritaeten-shop.com\/en\/wp-json\/wp\/v2\/media\/18034"}],"wp:attachment":[{"href":"https:\/\/www.agraritaeten-shop.com\/en\/wp-json\/wp\/v2\/media?parent=18047"}],"wp:term":[{"taxonomy":"product_brand","embeddable":true,"href":"https:\/\/www.agraritaeten-shop.com\/en\/wp-json\/wp\/v2\/product_brand?post=18047"},{"taxonomy":"product_cat","embeddable":true,"href":"https:\/\/www.agraritaeten-shop.com\/en\/wp-json\/wp\/v2\/product_cat?post=18047"},{"taxonomy":"product_tag","embeddable":true,"href":"https:\/\/www.agraritaeten-shop.com\/en\/wp-json\/wp\/v2\/product_tag?post=18047"}],"curies":[{"name":"wp","href":"https:\/\/api.w.org\/{rel}","templated":true}]}}