{"id":18414,"date":"2025-09-05T17:36:19","date_gmt":"2025-09-05T15:36:19","guid":{"rendered":"https:\/\/www.agraritaeten-shop.com\/?post_type=product&#038;p=18414"},"modified":"2026-02-28T18:27:39","modified_gmt":"2026-02-28T17:27:39","slug":"suedstall-prospekt-foerdertechnik","status":"publish","type":"product","link":"https:\/\/www.agraritaeten-shop.com\/en\/shop\/prospekte\/sonstige-prospekte\/suedstall-prospekt-foerdertechnik\/","title":{"rendered":"S\u00dcDSTALL Prospekt F\u00f6rdertechnik"},"content":{"rendered":"<h1><strong>original brochure<br \/>\n<\/strong><\/h1>\n<h2>S\u00dcDSTALL Westeria S\u00dcD<br \/>\nBSU + Einbauanlage<br \/>\nModerne F\u00f6rdertechnik f\u00fcr Heu- und Strohballen<\/h2>\n<ul>\n<li>A4 format<\/li>\n<li>4 pages<\/li>\n<li>German<\/li>\n<li>not punched<\/li>\n<li>used<\/li>\n<li>very good condition<\/li>\n<li>100% original<\/li>\n<li>Date Stamp:<em> 07\/1988<\/em><\/li>\n<li>Print No.: <em>1\/88<\/em><\/li>\n<\/ul>","protected":false},"excerpt":{"rendered":"<p>original Prospekt S\u00dcDSTALL Westeria S\u00dcD BSU + Einbauanlage Moderne F\u00f6rdertechnik f\u00fcr Heu- und Strohballen A4 Format 4 Seiten Deutsch nicht gelocht gebraucht sehr guter Zustand 100% original Datums-Stempel: 07\/1988 DruckNr.: 1\/88<\/p>","protected":false},"featured_media":18127,"template":"","meta":[],"product_brand":[],"product_cat":[45,123,132],"product_tag":[854,186,2789],"class_list":{"0":"post-18414","1":"product","2":"type-product","3":"status-publish","4":"has-post-thumbnail","6":"product_cat-prospekte","7":"product_cat-sonstige","8":"product_cat-sonstige-prospekte","9":"product_tag-foerdertechnik","10":"product_tag-prospekt","11":"product_tag-suedstall","13":"first","14":"instock","15":"shipping-taxable","16":"purchasable","17":"product-type-simple"},"_links":{"self":[{"href":"https:\/\/www.agraritaeten-shop.com\/en\/wp-json\/wp\/v2\/product\/18414","targetHints":{"allow":["GET"]}}],"collection":[{"href":"https:\/\/www.agraritaeten-shop.com\/en\/wp-json\/wp\/v2\/product"}],"about":[{"href":"https:\/\/www.agraritaeten-shop.com\/en\/wp-json\/wp\/v2\/types\/product"}],"wp:featuredmedia":[{"embeddable":true,"href":"https:\/\/www.agraritaeten-shop.com\/en\/wp-json\/wp\/v2\/media\/18127"}],"wp:attachment":[{"href":"https:\/\/www.agraritaeten-shop.com\/en\/wp-json\/wp\/v2\/media?parent=18414"}],"wp:term":[{"taxonomy":"product_brand","embeddable":true,"href":"https:\/\/www.agraritaeten-shop.com\/en\/wp-json\/wp\/v2\/product_brand?post=18414"},{"taxonomy":"product_cat","embeddable":true,"href":"https:\/\/www.agraritaeten-shop.com\/en\/wp-json\/wp\/v2\/product_cat?post=18414"},{"taxonomy":"product_tag","embeddable":true,"href":"https:\/\/www.agraritaeten-shop.com\/en\/wp-json\/wp\/v2\/product_tag?post=18414"}],"curies":[{"name":"wp","href":"https:\/\/api.w.org\/{rel}","templated":true}]}}