{"id":18415,"date":"2025-09-05T17:42:19","date_gmt":"2025-09-05T15:42:19","guid":{"rendered":"https:\/\/www.agraritaeten-shop.com\/?post_type=product&#038;p=18415"},"modified":"2025-09-07T07:20:16","modified_gmt":"2025-09-07T05:20:16","slug":"suedstall-prospekt-ballenfoerderer-long-lift","status":"publish","type":"product","link":"https:\/\/www.agraritaeten-shop.com\/en\/shop\/prospekte\/sonstige-prospekte\/suedstall-prospekt-ballenfoerderer-long-lift\/","title":{"rendered":"S\u00dcDSTALL Prospekt Ballenf\u00f6rderer LONG LIFT"},"content":{"rendered":"<h1><strong>original brochure<br \/>\n<\/strong><\/h1>\n<h2>S\u00dcDSTALL Westeria S\u00dcD<br \/>\nBallenf\u00f6rderer LONG LIFT<\/h2>\n<ul>\n<li>A4 format<\/li>\n<li>1 sheet, printed on one side<\/li>\n<li>German<\/li>\n<li>not punched<\/li>\n<li>used<\/li>\n<li>very good condition<\/li>\n<li>100% original<\/li>\n<li>DruckNr.: 12\/87<\/li>\n<\/ul>","protected":false},"excerpt":{"rendered":"<p>original Prospekt S\u00dcDSTALL Westeria S\u00dcD Ballenf\u00f6rderer LONG LIFT A4 Format ein Blatt, einseitig bedruckt Deutsch nicht gelocht gebraucht sehr guter Zustand 100% original DruckNr.: 12\/87<\/p>","protected":false},"featured_media":18128,"template":"","meta":[],"product_brand":[],"product_cat":[45,123,132],"product_tag":[854,186,2789],"class_list":{"0":"post-18415","1":"product","2":"type-product","3":"status-publish","4":"has-post-thumbnail","6":"product_cat-prospekte","7":"product_cat-sonstige","8":"product_cat-sonstige-prospekte","9":"product_tag-foerdertechnik","10":"product_tag-prospekt","11":"product_tag-suedstall","13":"first","14":"outofstock","15":"shipping-taxable","16":"purchasable","17":"product-type-simple"},"_links":{"self":[{"href":"https:\/\/www.agraritaeten-shop.com\/en\/wp-json\/wp\/v2\/product\/18415","targetHints":{"allow":["GET"]}}],"collection":[{"href":"https:\/\/www.agraritaeten-shop.com\/en\/wp-json\/wp\/v2\/product"}],"about":[{"href":"https:\/\/www.agraritaeten-shop.com\/en\/wp-json\/wp\/v2\/types\/product"}],"wp:featuredmedia":[{"embeddable":true,"href":"https:\/\/www.agraritaeten-shop.com\/en\/wp-json\/wp\/v2\/media\/18128"}],"wp:attachment":[{"href":"https:\/\/www.agraritaeten-shop.com\/en\/wp-json\/wp\/v2\/media?parent=18415"}],"wp:term":[{"taxonomy":"product_brand","embeddable":true,"href":"https:\/\/www.agraritaeten-shop.com\/en\/wp-json\/wp\/v2\/product_brand?post=18415"},{"taxonomy":"product_cat","embeddable":true,"href":"https:\/\/www.agraritaeten-shop.com\/en\/wp-json\/wp\/v2\/product_cat?post=18415"},{"taxonomy":"product_tag","embeddable":true,"href":"https:\/\/www.agraritaeten-shop.com\/en\/wp-json\/wp\/v2\/product_tag?post=18415"}],"curies":[{"name":"wp","href":"https:\/\/api.w.org\/{rel}","templated":true}]}}