{"id":18456,"date":"2025-06-28T19:01:07","date_gmt":"2025-06-28T17:01:07","guid":{"rendered":"https:\/\/www.agraritaeten-shop.com\/?post_type=product&#038;p=18456"},"modified":"2025-06-28T21:17:02","modified_gmt":"2025-06-28T19:17:02","slug":"bauer-prospekt-fassfuellpumpen-famos","status":"publish","type":"product","link":"https:\/\/www.agraritaeten-shop.com\/en\/shop\/prospekte\/sonstige-prospekte\/bauer-prospekt-fassfuellpumpen-famos\/","title":{"rendered":"BAUER Prospekt Fa\u00dff\u00fcllpumpen FAMOS"},"content":{"rendered":"<h1><strong>original brochure<br \/>\n<\/strong><\/h1>\n<h2>Rudolf BAUER R\u00f6hren- und Pumpenwerk<br \/>\nFa\u00dff\u00fcllpumpen FAMOS<\/h2>\n<ul>\n<li>A4 format<\/li>\n<li>1 sheet, printed on both sides<\/li>\n<li>German<\/li>\n<li>punched<\/li>\n<li>used<\/li>\n<li>slight wear on the bottom corner, otherwise in good condition<\/li>\n<li>100% original<\/li>\n<\/ul>","protected":false},"excerpt":{"rendered":"<p>original Prospekt Rudolf BAUER R\u00f6hren- und Pumpenwerk Fa\u00dff\u00fcllpumpen FAMOS A4 Format ein Blatt, beidseitig bedruckt Deutsch gelocht gebraucht kleine Abnutzung an der unteren Ecke, ansonsten guter Zustand 100% original<\/p>","protected":false},"featured_media":18348,"template":"","meta":[],"product_brand":[],"product_cat":[45,123,132],"product_tag":[2792,186,856],"class_list":{"0":"post-18456","1":"product","2":"type-product","3":"status-publish","4":"has-post-thumbnail","6":"product_cat-prospekte","7":"product_cat-sonstige","8":"product_cat-sonstige-prospekte","9":"product_tag-bauer","10":"product_tag-prospekt","11":"product_tag-pumpen","13":"first","14":"outofstock","15":"shipping-taxable","16":"purchasable","17":"product-type-simple"},"_links":{"self":[{"href":"https:\/\/www.agraritaeten-shop.com\/en\/wp-json\/wp\/v2\/product\/18456","targetHints":{"allow":["GET"]}}],"collection":[{"href":"https:\/\/www.agraritaeten-shop.com\/en\/wp-json\/wp\/v2\/product"}],"about":[{"href":"https:\/\/www.agraritaeten-shop.com\/en\/wp-json\/wp\/v2\/types\/product"}],"wp:featuredmedia":[{"embeddable":true,"href":"https:\/\/www.agraritaeten-shop.com\/en\/wp-json\/wp\/v2\/media\/18348"}],"wp:attachment":[{"href":"https:\/\/www.agraritaeten-shop.com\/en\/wp-json\/wp\/v2\/media?parent=18456"}],"wp:term":[{"taxonomy":"product_brand","embeddable":true,"href":"https:\/\/www.agraritaeten-shop.com\/en\/wp-json\/wp\/v2\/product_brand?post=18456"},{"taxonomy":"product_cat","embeddable":true,"href":"https:\/\/www.agraritaeten-shop.com\/en\/wp-json\/wp\/v2\/product_cat?post=18456"},{"taxonomy":"product_tag","embeddable":true,"href":"https:\/\/www.agraritaeten-shop.com\/en\/wp-json\/wp\/v2\/product_tag?post=18456"}],"curies":[{"name":"wp","href":"https:\/\/api.w.org\/{rel}","templated":true}]}}