{"id":18457,"date":"2025-06-28T19:06:22","date_gmt":"2025-06-28T17:06:22","guid":{"rendered":"https:\/\/www.agraritaeten-shop.com\/?post_type=product&#038;p=18457"},"modified":"2026-02-28T22:33:46","modified_gmt":"2026-02-28T21:33:46","slug":"bauer-prospekt-jauche-und-guelleverteilungsgeraete-triumph","status":"publish","type":"product","link":"https:\/\/www.agraritaeten-shop.com\/en\/shop\/prospekte\/sonstige-prospekte\/bauer-prospekt-jauche-und-guelleverteilungsgeraete-triumph\/","title":{"rendered":"BAUER Prospekt Jauche- und G\u00fclleverteilungsger\u00e4te &#8222;TRIUMPH&#8220;"},"content":{"rendered":"<h1><strong>original brochure<br \/>\n<\/strong><\/h1>\n<h2>Rudolf BAUER R\u00f6hren- und Pumpenwerk<br \/>\nJauche- und G\u00fclleverteilungsger\u00e4te &#8222;TRIUMPH&#8220;<\/h2>\n<ul>\n<li>A4 format<\/li>\n<li>1 sheet, printed on both sides<\/li>\n<li>German<\/li>\n<li>not punched<\/li>\n<li>used<\/li>\n<li>very good condition<\/li>\n<li>100% original<\/li>\n<li>Print No.: <em>Gv. 75<\/em><\/li>\n<\/ul>","protected":false},"excerpt":{"rendered":"<p>original Prospekt Rudolf BAUER R\u00f6hren- und Pumpenwerk Jauche- und G\u00fclleverteilungsger\u00e4te &#8222;TRIUMPH&#8220; A4 Format ein Blatt, beidseitig bedruckt Deutsch nicht gelocht gebraucht sehr guter Zustand 100% original DruckNr.: Gv. 75<\/p>","protected":false},"featured_media":18344,"template":"","meta":[],"product_brand":[],"product_cat":[45,123,132],"product_tag":[2792,1517,2231,186,856],"class_list":{"0":"post-18457","1":"product","2":"type-product","3":"status-publish","4":"has-post-thumbnail","6":"product_cat-prospekte","7":"product_cat-sonstige","8":"product_cat-sonstige-prospekte","9":"product_tag-bauer","10":"product_tag-guelle","11":"product_tag-jauche","12":"product_tag-prospekt","13":"product_tag-pumpen","15":"first","16":"instock","17":"shipping-taxable","18":"purchasable","19":"product-type-simple"},"_links":{"self":[{"href":"https:\/\/www.agraritaeten-shop.com\/en\/wp-json\/wp\/v2\/product\/18457","targetHints":{"allow":["GET"]}}],"collection":[{"href":"https:\/\/www.agraritaeten-shop.com\/en\/wp-json\/wp\/v2\/product"}],"about":[{"href":"https:\/\/www.agraritaeten-shop.com\/en\/wp-json\/wp\/v2\/types\/product"}],"wp:featuredmedia":[{"embeddable":true,"href":"https:\/\/www.agraritaeten-shop.com\/en\/wp-json\/wp\/v2\/media\/18344"}],"wp:attachment":[{"href":"https:\/\/www.agraritaeten-shop.com\/en\/wp-json\/wp\/v2\/media?parent=18457"}],"wp:term":[{"taxonomy":"product_brand","embeddable":true,"href":"https:\/\/www.agraritaeten-shop.com\/en\/wp-json\/wp\/v2\/product_brand?post=18457"},{"taxonomy":"product_cat","embeddable":true,"href":"https:\/\/www.agraritaeten-shop.com\/en\/wp-json\/wp\/v2\/product_cat?post=18457"},{"taxonomy":"product_tag","embeddable":true,"href":"https:\/\/www.agraritaeten-shop.com\/en\/wp-json\/wp\/v2\/product_tag?post=18457"}],"curies":[{"name":"wp","href":"https:\/\/api.w.org\/{rel}","templated":true}]}}