{"id":18907,"date":"2025-07-25T18:22:32","date_gmt":"2025-07-25T16:22:32","guid":{"rendered":"https:\/\/www.agraritaeten-shop.com\/?post_type=product&#038;p=18907"},"modified":"2026-02-28T21:27:32","modified_gmt":"2026-02-28T20:27:32","slug":"eicher-prospekt-schlepper-2-jahre-motoren-garantie","status":"publish","type":"product","link":"https:\/\/www.agraritaeten-shop.com\/en\/shop\/prospekte\/prospekte_eicher\/eicher-prospekt-schlepper-2-jahre-motoren-garantie\/","title":{"rendered":"EICHER Prospekt Schlepper &#8222;2 Jahre Motoren-Garantie&#8220;"},"content":{"rendered":"<h1><strong>original brochure<br \/>\n<\/strong><\/h1>\n<h2>EICHER Schlepper<br \/>\n&#8222;F\u00fcr alle Eicher-Traktoren geben wir 2 Jahre Motoren-Garantie&#8220;<\/h2>\n<ul>\n<li>A4 landscape format<\/li>\n<li>fold-out to 4-times its original size (poster A2 format)<\/li>\n<li>German<\/li>\n<li>used<\/li>\n<li>punched<\/li>\n<li>very good condition<\/li>\n<li>100% original<\/li>\n<li>Print No.: <em>EF 228. 1.69<\/em><\/li>\n<li>Date Stamp: <em>Nov. 1969<\/em><\/li>\n<\/ul>","protected":false},"excerpt":{"rendered":"<p>original Prospekt EICHER Schlepper &#8222;F\u00fcr alle Eicher-Traktoren geben wir 2 Jahre Motoren-Garantie&#8220; A4 Querformat ausklappbar zur 4fachen Gr\u00f6\u00dfe (Poster A2 Format) Deutsch gebraucht gelocht sehr guter Zustand 100% original DruckNr. EF 228. 1.69 Datums-Stempel: Nov. 1969<\/p>","protected":false},"featured_media":18729,"template":"","meta":[],"product_brand":[],"product_cat":[90,99,45],"product_tag":[518,186,256,188],"class_list":{"0":"post-18907","1":"product","2":"type-product","3":"status-publish","4":"has-post-thumbnail","6":"product_cat-eicher","7":"product_cat-prospekte_eicher","8":"product_cat-prospekte","9":"product_tag-eicher","10":"product_tag-prospekt","11":"product_tag-schlepper","12":"product_tag-traktor","14":"first","15":"instock","16":"shipping-taxable","17":"purchasable","18":"product-type-simple"},"_links":{"self":[{"href":"https:\/\/www.agraritaeten-shop.com\/en\/wp-json\/wp\/v2\/product\/18907","targetHints":{"allow":["GET"]}}],"collection":[{"href":"https:\/\/www.agraritaeten-shop.com\/en\/wp-json\/wp\/v2\/product"}],"about":[{"href":"https:\/\/www.agraritaeten-shop.com\/en\/wp-json\/wp\/v2\/types\/product"}],"wp:featuredmedia":[{"embeddable":true,"href":"https:\/\/www.agraritaeten-shop.com\/en\/wp-json\/wp\/v2\/media\/18729"}],"wp:attachment":[{"href":"https:\/\/www.agraritaeten-shop.com\/en\/wp-json\/wp\/v2\/media?parent=18907"}],"wp:term":[{"taxonomy":"product_brand","embeddable":true,"href":"https:\/\/www.agraritaeten-shop.com\/en\/wp-json\/wp\/v2\/product_brand?post=18907"},{"taxonomy":"product_cat","embeddable":true,"href":"https:\/\/www.agraritaeten-shop.com\/en\/wp-json\/wp\/v2\/product_cat?post=18907"},{"taxonomy":"product_tag","embeddable":true,"href":"https:\/\/www.agraritaeten-shop.com\/en\/wp-json\/wp\/v2\/product_tag?post=18907"}],"curies":[{"name":"wp","href":"https:\/\/api.w.org\/{rel}","templated":true}]}}