{"id":18908,"date":"2025-09-25T18:26:31","date_gmt":"2025-09-25T16:26:31","guid":{"rendered":"https:\/\/www.agraritaeten-shop.com\/?post_type=product&#038;p=18908"},"modified":"2025-12-08T18:04:10","modified_gmt":"2025-12-08T17:04:10","slug":"eicher-prospekt-schlepper-eine-neue-eicher-generation-stellt-sich-vor","status":"publish","type":"product","link":"https:\/\/www.agraritaeten-shop.com\/en\/shop\/prospekte\/prospekte_eicher\/eicher-prospekt-schlepper-eine-neue-eicher-generation-stellt-sich-vor\/","title":{"rendered":"EICHER Prospekt Schlepper &#8222;Eine neue Eicher-Generation stellt sich vor&#8220;"},"content":{"rendered":"<h1><strong>original brochure<br \/>\n<\/strong><\/h1>\n<h2>EICHER Schlepper<br \/>\n&#8222;Eine neue Eicher-Generation stellt sich vor&#8220;<\/h2>\n<ul>\n<li>A4 landscape format<\/li>\n<li>fold-out to 4-times its original size (poster A2 format)<\/li>\n<li>German<\/li>\n<li>used<\/li>\n<li>punched<\/li>\n<li>back minimally creased, otherwise well-preserved<\/li>\n<li>100% original<\/li>\n<li>DruckNr. EF 228. 4.68<\/li>\n<\/ul>","protected":false},"excerpt":{"rendered":"<p>original Prospekt EICHER Schlepper &#8222;Eine neue Eicher-Generation stellt sich vor&#8220; A4 Querformat ausklappbar zur 4fachen Gr\u00f6\u00dfe (Poster A2 Format) Deutsch gebraucht gelocht R\u00fcckseite minimal zerknittert, ansonsten gut erhalten 100% original DruckNr. EF 228. 4.68<\/p>","protected":false},"featured_media":18728,"template":"","meta":[],"product_brand":[],"product_cat":[99,90,45],"product_tag":[518,186,256,188],"class_list":{"0":"post-18908","1":"product","2":"type-product","3":"status-publish","4":"has-post-thumbnail","6":"product_cat-prospekte_eicher","7":"product_cat-eicher","8":"product_cat-prospekte","9":"product_tag-eicher","10":"product_tag-prospekt","11":"product_tag-schlepper","12":"product_tag-traktor","14":"first","15":"instock","16":"shipping-taxable","17":"purchasable","18":"product-type-simple"},"_links":{"self":[{"href":"https:\/\/www.agraritaeten-shop.com\/en\/wp-json\/wp\/v2\/product\/18908","targetHints":{"allow":["GET"]}}],"collection":[{"href":"https:\/\/www.agraritaeten-shop.com\/en\/wp-json\/wp\/v2\/product"}],"about":[{"href":"https:\/\/www.agraritaeten-shop.com\/en\/wp-json\/wp\/v2\/types\/product"}],"wp:featuredmedia":[{"embeddable":true,"href":"https:\/\/www.agraritaeten-shop.com\/en\/wp-json\/wp\/v2\/media\/18728"}],"wp:attachment":[{"href":"https:\/\/www.agraritaeten-shop.com\/en\/wp-json\/wp\/v2\/media?parent=18908"}],"wp:term":[{"taxonomy":"product_brand","embeddable":true,"href":"https:\/\/www.agraritaeten-shop.com\/en\/wp-json\/wp\/v2\/product_brand?post=18908"},{"taxonomy":"product_cat","embeddable":true,"href":"https:\/\/www.agraritaeten-shop.com\/en\/wp-json\/wp\/v2\/product_cat?post=18908"},{"taxonomy":"product_tag","embeddable":true,"href":"https:\/\/www.agraritaeten-shop.com\/en\/wp-json\/wp\/v2\/product_tag?post=18908"}],"curies":[{"name":"wp","href":"https:\/\/api.w.org\/{rel}","templated":true}]}}