{"id":19125,"date":"2025-10-31T14:38:24","date_gmt":"2025-10-31T13:38:24","guid":{"rendered":"https:\/\/www.agraritaeten-shop.com\/?post_type=product&#038;p=19125"},"modified":"2026-02-28T13:25:21","modified_gmt":"2026-02-28T12:25:21","slug":"renault-prospekt-traktor-ausruestung-franzoesisch","status":"publish","type":"product","link":"https:\/\/www.agraritaeten-shop.com\/en\/shop\/prospekte\/prospekte_renault\/renault-prospekt-traktor-ausruestung-franzoesisch\/","title":{"rendered":"RENAULT Prospekt Traktor-Ausr\u00fcstung (Franz\u00f6sisch)"},"content":{"rendered":"<h1><strong>original brochure<br \/>\n<\/strong><\/h1>\n<h2>RENAULT<br \/>\nTraktor-Ausr\u00fcstung (Franz\u00f6sisch)<\/h2>\n<ul>\n<li>A4 landscape format<\/li>\n<li>1 sheet, printed on one side<\/li>\n<li><strong>French<\/strong>!<\/li>\n<li>not punched<\/li>\n<li>used<\/li>\n<li>slightly creased, otherwise in good condition<\/li>\n<li>100% original<\/li>\n<li>Print No.: <em>REP-77-2<\/em><\/li>\n<\/ul>","protected":false},"excerpt":{"rendered":"<p>original Prospekt RENAULT Traktor-Ausr\u00fcstung (Franz\u00f6sisch) A4 Querformat 1 Blatt, einseitig bedruckt Franz\u00f6sisch! nicht gelocht gebraucht etwas zerknittert, ansonsten gut erhalten 100% original DruckNr. REP-77-2<\/p>","protected":false},"featured_media":19033,"template":"","meta":[],"product_brand":[],"product_cat":[45,151,152],"product_tag":[2869,186,302,256,188],"class_list":{"0":"post-19125","1":"product","2":"type-product","3":"status-publish","4":"has-post-thumbnail","6":"product_cat-prospekte","7":"product_cat-renault","8":"product_cat-prospekte_renault","9":"product_tag-ausruestung","10":"product_tag-prospekt","11":"product_tag-renault","12":"product_tag-schlepper","13":"product_tag-traktor","15":"first","16":"instock","17":"shipping-taxable","18":"purchasable","19":"product-type-simple"},"_links":{"self":[{"href":"https:\/\/www.agraritaeten-shop.com\/en\/wp-json\/wp\/v2\/product\/19125","targetHints":{"allow":["GET"]}}],"collection":[{"href":"https:\/\/www.agraritaeten-shop.com\/en\/wp-json\/wp\/v2\/product"}],"about":[{"href":"https:\/\/www.agraritaeten-shop.com\/en\/wp-json\/wp\/v2\/types\/product"}],"wp:featuredmedia":[{"embeddable":true,"href":"https:\/\/www.agraritaeten-shop.com\/en\/wp-json\/wp\/v2\/media\/19033"}],"wp:attachment":[{"href":"https:\/\/www.agraritaeten-shop.com\/en\/wp-json\/wp\/v2\/media?parent=19125"}],"wp:term":[{"taxonomy":"product_brand","embeddable":true,"href":"https:\/\/www.agraritaeten-shop.com\/en\/wp-json\/wp\/v2\/product_brand?post=19125"},{"taxonomy":"product_cat","embeddable":true,"href":"https:\/\/www.agraritaeten-shop.com\/en\/wp-json\/wp\/v2\/product_cat?post=19125"},{"taxonomy":"product_tag","embeddable":true,"href":"https:\/\/www.agraritaeten-shop.com\/en\/wp-json\/wp\/v2\/product_tag?post=19125"}],"curies":[{"name":"wp","href":"https:\/\/api.w.org\/{rel}","templated":true}]}}