{"id":19265,"date":"2025-08-05T08:23:47","date_gmt":"2025-08-05T06:23:47","guid":{"rendered":"https:\/\/www.agraritaeten-shop.com\/?post_type=product&#038;p=19265"},"modified":"2026-02-28T20:54:16","modified_gmt":"2026-02-28T19:54:16","slug":"schlueter-prospekt-super-schlepper-45-bis-180-ps-2","status":"publish","type":"product","link":"https:\/\/www.agraritaeten-shop.com\/en\/shop\/prospekte\/prospekte_schlueter\/schlueter-prospekt-super-schlepper-45-bis-180-ps-2\/","title":{"rendered":"SCHL\u00dcTER Prospekt Super-Schlepper 45 bis 180 PS"},"content":{"rendered":"<h1><span style=\"font-size: 100%;\"><strong>original brochure<\/strong><\/span><\/h1>\n<h1>SCHL\u00dcTER Super-Schlepper 45 bis 180 PS<\/h1>\n<ul>\n<li><span style=\"color: #000000;\">A4 landscape format<\/span><\/li>\n<li><span style=\"color: #000000;\">fold-out to 4-times its original size (poster A2 format)<\/span><\/li>\n<li>German<\/li>\n<li><span style=\"color: #000000;\">not punched<\/span><\/li>\n<li><span style=\"color: #000000;\">used<\/span><\/li>\n<li><span style=\"color: #000000;\">very good condition<\/span><\/li>\n<li><span style=\"color: #000000;\">100% original<\/span><\/li>\n<li>Print No.: <em>053\/2\/6.68\/Export Deutsch<\/em><\/li>\n<\/ul>","protected":false},"excerpt":{"rendered":"<p>original Prospekt SCHL\u00dcTER Super-Schlepper 45 bis 180 PS A4 Querformat ausklappbar zum Poster zur 4fachen Gr\u00f6\u00dfe (A2 Format) Deutsch nicht gelocht gebraucht sehr guter Zustand 100% original DruckNr. 053\/2\/6.68\/Export Deutsch<\/p>","protected":false},"featured_media":19244,"template":"","meta":[],"product_brand":[],"product_cat":[45,253,254],"product_tag":[186,256,255,188],"class_list":{"0":"post-19265","1":"product","2":"type-product","3":"status-publish","4":"has-post-thumbnail","6":"product_cat-prospekte","7":"product_cat-schlueter","8":"product_cat-prospekte_schlueter","9":"product_tag-prospekt","10":"product_tag-schlepper","11":"product_tag-schlueter","12":"product_tag-traktor","14":"first","15":"instock","16":"shipping-taxable","17":"purchasable","18":"product-type-simple"},"_links":{"self":[{"href":"https:\/\/www.agraritaeten-shop.com\/en\/wp-json\/wp\/v2\/product\/19265","targetHints":{"allow":["GET"]}}],"collection":[{"href":"https:\/\/www.agraritaeten-shop.com\/en\/wp-json\/wp\/v2\/product"}],"about":[{"href":"https:\/\/www.agraritaeten-shop.com\/en\/wp-json\/wp\/v2\/types\/product"}],"wp:featuredmedia":[{"embeddable":true,"href":"https:\/\/www.agraritaeten-shop.com\/en\/wp-json\/wp\/v2\/media\/19244"}],"wp:attachment":[{"href":"https:\/\/www.agraritaeten-shop.com\/en\/wp-json\/wp\/v2\/media?parent=19265"}],"wp:term":[{"taxonomy":"product_brand","embeddable":true,"href":"https:\/\/www.agraritaeten-shop.com\/en\/wp-json\/wp\/v2\/product_brand?post=19265"},{"taxonomy":"product_cat","embeddable":true,"href":"https:\/\/www.agraritaeten-shop.com\/en\/wp-json\/wp\/v2\/product_cat?post=19265"},{"taxonomy":"product_tag","embeddable":true,"href":"https:\/\/www.agraritaeten-shop.com\/en\/wp-json\/wp\/v2\/product_tag?post=19265"}],"curies":[{"name":"wp","href":"https:\/\/api.w.org\/{rel}","templated":true}]}}