{"id":19497,"date":"2025-08-14T22:53:01","date_gmt":"2025-08-14T20:53:01","guid":{"rendered":"https:\/\/www.agraritaeten-shop.com\/?post_type=product&#038;p=19497"},"modified":"2025-08-14T22:57:50","modified_gmt":"2025-08-14T20:57:50","slug":"utina-prospekt-elektro-kuhbuegel","status":"publish","type":"product","link":"https:\/\/www.agraritaeten-shop.com\/en\/shop\/prospekte\/sonstige-prospekte\/utina-prospekt-elektro-kuhbuegel\/","title":{"rendered":"UTINA Prospekt Elektro-Kuhb\u00fcgel"},"content":{"rendered":"<h1><strong>original brochure<br \/>\n<\/strong><\/h1>\n<h2>UTINA<br \/>\nElektro-Kuhb\u00fcgel, Viehkettenschnellkupplung, Selbsttr\u00e4nkebecken, Enthornungsger\u00e4t, Milchk\u00fchler<\/h2>\n<ul>\n<li>A4 format<\/li>\n<li>1 sheet, printed on both sides<\/li>\n<li>German<\/li>\n<li>not punched<\/li>\n<li>used<\/li>\n<li>very good condition<\/li>\n<li>100% original<\/li>\n<\/ul>","protected":false},"excerpt":{"rendered":"<p>original Prospekt UTINA Elektro-Kuhb\u00fcgel, Viehkettenschnellkupplung, Selbsttr\u00e4nkebecken, Enthornungsger\u00e4t, Milchk\u00fchler A4 Format 1 Blatt beidseitig bedruckt Deutsch nicht gelocht gebraucht sehr guter Zustand 100% original<\/p>","protected":false},"featured_media":19438,"template":"","meta":[],"product_brand":[],"product_cat":[45,123,132],"product_tag":[2913,2915,2916,186,2889,1276,2914],"class_list":{"0":"post-19497","1":"product","2":"type-product","3":"status-publish","4":"has-post-thumbnail","6":"product_cat-prospekte","7":"product_cat-sonstige","8":"product_cat-sonstige-prospekte","9":"product_tag-elektro-kuhbuegel","10":"product_tag-enthornungsgeraet","11":"product_tag-milchkuehler","12":"product_tag-prospekt","13":"product_tag-selbsttraenkebecken","14":"product_tag-utina","15":"product_tag-viehkettenschnellkupplung","17":"first","18":"instock","19":"shipping-taxable","20":"purchasable","21":"product-type-simple"},"_links":{"self":[{"href":"https:\/\/www.agraritaeten-shop.com\/en\/wp-json\/wp\/v2\/product\/19497","targetHints":{"allow":["GET"]}}],"collection":[{"href":"https:\/\/www.agraritaeten-shop.com\/en\/wp-json\/wp\/v2\/product"}],"about":[{"href":"https:\/\/www.agraritaeten-shop.com\/en\/wp-json\/wp\/v2\/types\/product"}],"wp:featuredmedia":[{"embeddable":true,"href":"https:\/\/www.agraritaeten-shop.com\/en\/wp-json\/wp\/v2\/media\/19438"}],"wp:attachment":[{"href":"https:\/\/www.agraritaeten-shop.com\/en\/wp-json\/wp\/v2\/media?parent=19497"}],"wp:term":[{"taxonomy":"product_brand","embeddable":true,"href":"https:\/\/www.agraritaeten-shop.com\/en\/wp-json\/wp\/v2\/product_brand?post=19497"},{"taxonomy":"product_cat","embeddable":true,"href":"https:\/\/www.agraritaeten-shop.com\/en\/wp-json\/wp\/v2\/product_cat?post=19497"},{"taxonomy":"product_tag","embeddable":true,"href":"https:\/\/www.agraritaeten-shop.com\/en\/wp-json\/wp\/v2\/product_tag?post=19497"}],"curies":[{"name":"wp","href":"https:\/\/api.w.org\/{rel}","templated":true}]}}