{"id":19636,"date":"2025-08-18T08:23:01","date_gmt":"2025-08-18T06:23:01","guid":{"rendered":"https:\/\/www.agraritaeten-shop.com\/?post_type=product&#038;p=19636"},"modified":"2025-08-18T17:33:50","modified_gmt":"2025-08-18T15:33:50","slug":"farmtec-prospekt-land-und-kommunaltechnik","status":"publish","type":"product","link":"https:\/\/www.agraritaeten-shop.com\/en\/shop\/prospekte\/sonstige-prospekte\/farmtec-prospekt-land-und-kommunaltechnik\/","title":{"rendered":"FARMTEC Prospekt Land- und Kommunaltechnik"},"content":{"rendered":"<h1><strong>original brochure<br \/>\n<\/strong><\/h1>\n<h2>FARMTEC Land- und Kommunaltechnik<br \/>\n<span style=\"font-size: 75%;\">S\u00e4technik, Bodenbearbeitung, Mulcher, D\u00fcngerstreuer, Pflanzenschutz, Gr\u00fcnfl\u00e4chenpflege, Hoftechnik, Anh\u00e4nger<\/span><\/h2>\n<ul>\n<li>A4 landscape format<\/li>\n<li>24 pages<\/li>\n<li>German<\/li>\n<li>not punched<\/li>\n<li>used<\/li>\n<li>very good condition<\/li>\n<li>100% original<\/li>\n<li>Datum: 06\/2024<\/li>\n<\/ul>","protected":false},"excerpt":{"rendered":"<p>original Prospekt FARMTEC Land- und Kommunaltechnik S\u00e4technik, Bodenbearbeitung, Mulcher, D\u00fcngerstreuer, Pflanzenschutz, Gr\u00fcnfl\u00e4chenpflege, Hoftechnik, Anh\u00e4nger A4 Querformat 24 Seiten Deutsch nicht gelocht gebraucht sehr guter Zustand 100% original Datum: 06\/2024<\/p>","protected":false},"featured_media":19589,"template":"","meta":[],"product_brand":[],"product_cat":[45,123,132],"product_tag":[767,1351,210,2949,2950,2157,489,898,1309,186,2832],"class_list":{"0":"post-19636","1":"product","2":"type-product","3":"status-publish","4":"has-post-thumbnail","6":"product_cat-prospekte","7":"product_cat-sonstige","8":"product_cat-sonstige-prospekte","9":"product_tag-anhaenger","10":"product_tag-bodenbearbeitung","11":"product_tag-duengerstreuer","12":"product_tag-farmtec","13":"product_tag-gruenflaechenpflege","14":"product_tag-hoftechnik","15":"product_tag-kommunal","16":"product_tag-mulcher","17":"product_tag-pflanzenschutz","18":"product_tag-prospekt","19":"product_tag-saetechnik","21":"first","22":"outofstock","23":"shipping-taxable","24":"purchasable","25":"product-type-simple"},"_links":{"self":[{"href":"https:\/\/www.agraritaeten-shop.com\/en\/wp-json\/wp\/v2\/product\/19636","targetHints":{"allow":["GET"]}}],"collection":[{"href":"https:\/\/www.agraritaeten-shop.com\/en\/wp-json\/wp\/v2\/product"}],"about":[{"href":"https:\/\/www.agraritaeten-shop.com\/en\/wp-json\/wp\/v2\/types\/product"}],"wp:featuredmedia":[{"embeddable":true,"href":"https:\/\/www.agraritaeten-shop.com\/en\/wp-json\/wp\/v2\/media\/19589"}],"wp:attachment":[{"href":"https:\/\/www.agraritaeten-shop.com\/en\/wp-json\/wp\/v2\/media?parent=19636"}],"wp:term":[{"taxonomy":"product_brand","embeddable":true,"href":"https:\/\/www.agraritaeten-shop.com\/en\/wp-json\/wp\/v2\/product_brand?post=19636"},{"taxonomy":"product_cat","embeddable":true,"href":"https:\/\/www.agraritaeten-shop.com\/en\/wp-json\/wp\/v2\/product_cat?post=19636"},{"taxonomy":"product_tag","embeddable":true,"href":"https:\/\/www.agraritaeten-shop.com\/en\/wp-json\/wp\/v2\/product_tag?post=19636"}],"curies":[{"name":"wp","href":"https:\/\/api.w.org\/{rel}","templated":true}]}}