{"id":19643,"date":"2025-10-18T10:43:54","date_gmt":"2025-10-18T08:43:54","guid":{"rendered":"https:\/\/www.agraritaeten-shop.com\/?post_type=product&#038;p=19643"},"modified":"2026-02-28T14:21:54","modified_gmt":"2026-02-28T13:21:54","slug":"veb-traktorenwerk-schoenebeck-prospekt-bestellung-duengung-mit-traktor-zt3000","status":"publish","type":"product","link":"https:\/\/www.agraritaeten-shop.com\/en\/shop\/prospekte\/prospekte_fortschritt\/veb-traktorenwerk-schoenebeck-prospekt-bestellung-duengung-mit-traktor-zt3000\/","title":{"rendered":"VEB Traktorenwerk SCH\u00d6NEBECK Prospekt Bestellung-D\u00fcngung mit Traktor ZT3000"},"content":{"rendered":"<h1><strong>original brochure<\/strong><\/h1>\n<h1>VEB Traktorenwerk SCH\u00d6NEBECK<br \/>\nBestellung und D\u00fcngung mit dem Traktor ZT3000<\/h1>\n<ul>\n<li>A4 landscape format<\/li>\n<li>fold-out to 4 times its original size (A2 format)<\/li>\n<li>German<\/li>\n<li>punched<\/li>\n<li>used<\/li>\n<li>very good condition<\/li>\n<li>100% original<\/li>\n<li>Print No.: <em>IV-27-12 2856 Ag 21-8-063-1970<\/em><\/li>\n<\/ul>","protected":false},"excerpt":{"rendered":"<p>original Prospekt VEB Traktorenwerk SCH\u00d6NEBECK Bestellung und D\u00fcngung mit dem Traktor ZT3000 A4 Querformat ausklappbar zur 4fachen Gr\u00f6\u00dfe (A2 Format) Deutsch gelocht gebraucht sehr guter Zustand 100% original DruckNr. IV-27-12 2856 Ag 21-8-063-1970<\/p>","protected":false},"featured_media":19588,"template":"","meta":[],"product_brand":[],"product_cat":[668,133,45,123,132],"product_tag":[186,717,188,716,705],"class_list":{"0":"post-19643","1":"product","2":"type-product","3":"status-publish","4":"has-post-thumbnail","6":"product_cat-prospekte_fortschritt","7":"product_cat-fortschritt","8":"product_cat-prospekte","9":"product_cat-sonstige","10":"product_cat-sonstige-prospekte","11":"product_tag-prospekt","12":"product_tag-schoenebeck","13":"product_tag-traktor","14":"product_tag-traktorenwerk","15":"product_tag-veb","17":"first","18":"instock","19":"shipping-taxable","20":"purchasable","21":"product-type-simple"},"_links":{"self":[{"href":"https:\/\/www.agraritaeten-shop.com\/en\/wp-json\/wp\/v2\/product\/19643","targetHints":{"allow":["GET"]}}],"collection":[{"href":"https:\/\/www.agraritaeten-shop.com\/en\/wp-json\/wp\/v2\/product"}],"about":[{"href":"https:\/\/www.agraritaeten-shop.com\/en\/wp-json\/wp\/v2\/types\/product"}],"wp:featuredmedia":[{"embeddable":true,"href":"https:\/\/www.agraritaeten-shop.com\/en\/wp-json\/wp\/v2\/media\/19588"}],"wp:attachment":[{"href":"https:\/\/www.agraritaeten-shop.com\/en\/wp-json\/wp\/v2\/media?parent=19643"}],"wp:term":[{"taxonomy":"product_brand","embeddable":true,"href":"https:\/\/www.agraritaeten-shop.com\/en\/wp-json\/wp\/v2\/product_brand?post=19643"},{"taxonomy":"product_cat","embeddable":true,"href":"https:\/\/www.agraritaeten-shop.com\/en\/wp-json\/wp\/v2\/product_cat?post=19643"},{"taxonomy":"product_tag","embeddable":true,"href":"https:\/\/www.agraritaeten-shop.com\/en\/wp-json\/wp\/v2\/product_tag?post=19643"}],"curies":[{"name":"wp","href":"https:\/\/api.w.org\/{rel}","templated":true}]}}