{"id":19657,"date":"2025-08-18T14:03:51","date_gmt":"2025-08-18T12:03:51","guid":{"rendered":"https:\/\/www.agraritaeten-shop.com\/?post_type=product&#038;p=19657"},"modified":"2026-02-28T20:10:33","modified_gmt":"2026-02-28T19:10:33","slug":"mengele-prospekt-haeckselkette","status":"publish","type":"product","link":"https:\/\/www.agraritaeten-shop.com\/en\/shop\/prospekte\/prospekte_mengele\/mengele-prospekt-haeckselkette\/","title":{"rendered":"MENGELE Prospekt H\u00e4ckselkette"},"content":{"rendered":"<h1><strong>original brochure<\/strong><\/h1>\n<h2>MENGELE H\u00e4ckselkette<br \/>\nFeldh\u00e4cksler, Feldschneider, Abladegebl\u00e4se, Ablade-Automat, Kastenaufbauten<\/h2>\n<ul>\n<li>A4 landscape format<\/li>\n<li>28 pages<\/li>\n<li>German<\/li>\n<li>punched<\/li>\n<li>folded in the middle<\/li>\n<li>used<\/li>\n<li>good condition<\/li>\n<li>100% original<\/li>\n<li>Print No.: <em>FLP 29\/30\/562 MA<\/em><\/li>\n<\/ul>","protected":false},"excerpt":{"rendered":"<p>original Prospekt MENGELE H\u00e4ckselkette Feldh\u00e4cksler, Feldschneider, Abladegebl\u00e4se, Ablade-Automat, Kastenaufbauten A4 Querformat 28 Seiten Deutsch gelocht in der Mitte geknickt gebraucht guter Zustand 100% original DruckNr. FLP 29\/30\/562 MA<\/p>","protected":false},"featured_media":19587,"template":"","meta":[],"product_brand":[],"product_cat":[127,157,45],"product_tag":[2957,2347,445,813,2959,2958,1582,186],"class_list":{"0":"post-19657","1":"product","2":"type-product","3":"status-publish","4":"has-post-thumbnail","6":"product_cat-mengele","7":"product_cat-prospekte_mengele","8":"product_cat-prospekte","9":"product_tag-ablade-automat","10":"product_tag-abladegeblaese","11":"product_tag-feldhaecksler","12":"product_tag-feldschneider","13":"product_tag-haeckselkette","14":"product_tag-kastenaufbauten","15":"product_tag-mengele","16":"product_tag-prospekt","18":"first","19":"instock","20":"shipping-taxable","21":"purchasable","22":"product-type-simple"},"_links":{"self":[{"href":"https:\/\/www.agraritaeten-shop.com\/en\/wp-json\/wp\/v2\/product\/19657","targetHints":{"allow":["GET"]}}],"collection":[{"href":"https:\/\/www.agraritaeten-shop.com\/en\/wp-json\/wp\/v2\/product"}],"about":[{"href":"https:\/\/www.agraritaeten-shop.com\/en\/wp-json\/wp\/v2\/types\/product"}],"wp:featuredmedia":[{"embeddable":true,"href":"https:\/\/www.agraritaeten-shop.com\/en\/wp-json\/wp\/v2\/media\/19587"}],"wp:attachment":[{"href":"https:\/\/www.agraritaeten-shop.com\/en\/wp-json\/wp\/v2\/media?parent=19657"}],"wp:term":[{"taxonomy":"product_brand","embeddable":true,"href":"https:\/\/www.agraritaeten-shop.com\/en\/wp-json\/wp\/v2\/product_brand?post=19657"},{"taxonomy":"product_cat","embeddable":true,"href":"https:\/\/www.agraritaeten-shop.com\/en\/wp-json\/wp\/v2\/product_cat?post=19657"},{"taxonomy":"product_tag","embeddable":true,"href":"https:\/\/www.agraritaeten-shop.com\/en\/wp-json\/wp\/v2\/product_tag?post=19657"}],"curies":[{"name":"wp","href":"https:\/\/api.w.org\/{rel}","templated":true}]}}